{"id":50184,"date":"2025-11-07T15:26:46","date_gmt":"2025-11-07T15:26:46","guid":{"rendered":"https:\/\/falconscreativegroup.com\/desarrollo-de-pi\/"},"modified":"2026-03-26T15:21:23","modified_gmt":"2026-03-26T15:21:23","slug":"desarrollo-de-pi","status":"publish","type":"page","link":"https:\/\/falconscreativegroup.com\/es\/servicios\/desarrollo\/desarrollo-de-pi\/","title":{"rendered":"Desarrollo de PI"},"content":{"rendered":"\t\t<div data-elementor-type=\"wp-page\" data-elementor-id=\"50184\" class=\"elementor elementor-50184 elementor-43987\" data-elementor-post-type=\"page\">\n\t\t\t\t<div class=\"elementor-element elementor-element-52c86da e-flex e-con-boxed e-con e-parent\" data-id=\"52c86da\" data-element_type=\"container\" data-e-type=\"container\" data-settings=\"{&quot;background_background&quot;:&quot;classic&quot;}\">\n\t\t\t\t\t<div class=\"e-con-inner\">\n\t\t<div class=\"elementor-element elementor-element-39b16af e-con-full e-flex elementor-invisible e-con e-child\" data-id=\"39b16af\" data-element_type=\"container\" data-e-type=\"container\" data-settings=\"{&quot;animation&quot;:&quot;fadeInLeft&quot;}\">\n\t\t\t\t<div class=\"elementor-element elementor-element-628a5bd service-main-title elementor-widget elementor-widget-heading\" data-id=\"628a5bd\" data-element_type=\"widget\" data-e-type=\"widget\" data-widget_type=\"heading.default\">\n\t\t\t\t\t<h1 class=\"elementor-heading-title elementor-size-default\">Desarrollo\n<br>de <span>PI<\/span><\/h1>\t\t\t\t<\/div>\n\t\t\t\t<\/div>\n\t\t\t\t\t<\/div>\n\t\t\t\t<\/div>\n\t\t<div class=\"elementor-element elementor-element-74dd8f3 e-flex e-con-boxed e-con e-parent\" data-id=\"74dd8f3\" data-element_type=\"container\" data-e-type=\"container\">\n\t\t\t\t\t<div class=\"e-con-inner\">\n\t\t\t\t<div class=\"elementor-element elementor-element-f95cdd4 elementor-widget elementor-widget-text-editor\" data-id=\"f95cdd4\" data-element_type=\"widget\" data-e-type=\"widget\" data-widget_type=\"text-editor.default\">\n\t\t\t\t\t\t\t\t\t<p><span data-contrast=\"none\">Cuando Falcon&#8217;s trabaja con propietarios de propiedad intelectual, comenzamos desde una perspectiva general. \u00bfDe qu\u00e9 trata esta PI? \u00bfCu\u00e1les son sus mensajes principales? \u00bfQu\u00e9 grupos demogr\u00e1ficos prestan mayor atenci\u00f3n a la PI?    <\/span><span data-ccp-props=\"{}\"> <\/span><\/p><p><span data-contrast=\"none\">Luego viene una inspecci\u00f3n m\u00e1s detallada. \u00bfC\u00f3mo desea que esta PI est\u00e9 representada en un entorno tem\u00e1tico? \u00bfQu\u00e9 historia desea contar? \u00bfD\u00f3nde ocurre, c\u00f3mo ocurre y qui\u00e9n est\u00e1 involucrado? El desarrollo de PI no es complicado, pero sin respuestas claras a estas preguntas, surgir\u00e1n complicaciones. Le ayudaremos a llegar a la mejor soluci\u00f3n gui\u00e1ndole a trav\u00e9s de cada descubrimiento y proporcion\u00e1ndole una hoja de ruta hacia el n\u00facleo de su proyecto.     <\/span><span data-ccp-props=\"{}\"> <\/span><\/p>\t\t\t\t\t\t\t\t<\/div>\n\t\t\t\t\t<\/div>\n\t\t\t\t<\/div>\n\t\t<div class=\"elementor-element elementor-element-e3acb97 e-con-full e-flex elementor-invisible e-con e-parent\" data-id=\"e3acb97\" data-element_type=\"container\" data-e-type=\"container\" data-settings=\"{&quot;background_background&quot;:&quot;classic&quot;,&quot;animation&quot;:&quot;fadeIn&quot;}\">\n\t\t\t\t<div class=\"elementor-element elementor-element-639dd66 elementor-nav-menu__align-center elementor-nav-menu--dropdown-none elementor-widget elementor-widget-nav-menu\" data-id=\"639dd66\" data-element_type=\"widget\" data-e-type=\"widget\" id=\"custom-services-menu\" data-settings=\"{&quot;submenu_icon&quot;:{&quot;value&quot;:&quot;&lt;i aria-hidden=\\&quot;true\\&quot; class=\\&quot;\\&quot;&gt;&lt;\\\/i&gt;&quot;,&quot;library&quot;:&quot;&quot;},&quot;sticky&quot;:&quot;top&quot;,&quot;sticky_offset&quot;:120,&quot;sticky_offset_tablet&quot;:130,&quot;sticky_offset_mobile&quot;:123,&quot;sticky_offset_laptop&quot;:166,&quot;layout&quot;:&quot;horizontal&quot;,&quot;sticky_on&quot;:[&quot;desktop&quot;,&quot;laptop&quot;,&quot;tablet&quot;,&quot;mobile&quot;],&quot;sticky_effects_offset&quot;:0,&quot;sticky_anchor_link_offset&quot;:0}\" data-widget_type=\"nav-menu.default\">\n\t\t\t\t\t\t\t\t<nav aria-label=\"Menu\" class=\"elementor-nav-menu--main elementor-nav-menu__container elementor-nav-menu--layout-horizontal e--pointer-none\">\n\t\t\t\t<ul id=\"menu-1-639dd66\" class=\"elementor-nav-menu\"><li class=\"menu-item menu-item-type-custom menu-item-object-custom menu-item-54717\"><a href=\"#brand-development\" class=\"elementor-item elementor-item-anchor\">Desarrollo de marca<\/a><\/li>\n<li class=\"menu-item menu-item-type-custom menu-item-object-custom menu-item-54718\"><a href=\"#story-development\" class=\"elementor-item elementor-item-anchor\">Desarrollo de historia<\/a><\/li>\n<li class=\"menu-item menu-item-type-custom menu-item-object-custom menu-item-54719\"><a href=\"#character-design\u200b\" class=\"elementor-item elementor-item-anchor\">Dise\u00f1o de personajes<\/a><\/li>\n<\/ul>\t\t\t<\/nav>\n\t\t\t\t\t\t<nav class=\"elementor-nav-menu--dropdown elementor-nav-menu__container\" aria-hidden=\"true\">\n\t\t\t\t<ul id=\"menu-2-639dd66\" class=\"elementor-nav-menu\"><li class=\"menu-item menu-item-type-custom menu-item-object-custom menu-item-54717\"><a href=\"#brand-development\" class=\"elementor-item elementor-item-anchor\" tabindex=\"-1\">Desarrollo de marca<\/a><\/li>\n<li class=\"menu-item menu-item-type-custom menu-item-object-custom menu-item-54718\"><a href=\"#story-development\" class=\"elementor-item elementor-item-anchor\" tabindex=\"-1\">Desarrollo de historia<\/a><\/li>\n<li class=\"menu-item menu-item-type-custom menu-item-object-custom menu-item-54719\"><a href=\"#character-design\u200b\" class=\"elementor-item elementor-item-anchor\" tabindex=\"-1\">Dise\u00f1o de personajes<\/a><\/li>\n<\/ul>\t\t\t<\/nav>\n\t\t\t\t\t\t<\/div>\n\t\t\t\t<\/div>\n\t\t<div class=\"elementor-element elementor-element-e9c2ddf e-flex e-con-boxed e-con e-parent\" data-id=\"e9c2ddf\" data-element_type=\"container\" data-e-type=\"container\" data-settings=\"{&quot;background_background&quot;:&quot;classic&quot;}\">\n\t\t\t\t\t<div class=\"e-con-inner\">\n\t\t\t\t<div class=\"elementor-element elementor-element-a1a75bb elementor-widget elementor-widget-spacer\" data-id=\"a1a75bb\" data-element_type=\"widget\" data-e-type=\"widget\" data-widget_type=\"spacer.default\">\n\t\t\t\t\t\t\t<div class=\"elementor-spacer\">\n\t\t\t<div class=\"elementor-spacer-inner\"><\/div>\n\t\t<\/div>\n\t\t\t\t\t\t<\/div>\n\t\t\t\t\t<\/div>\n\t\t\t\t<\/div>\n\t\t<div class=\"elementor-element elementor-element-b6292d4 e-con-full e-flex elementor-invisible e-con e-parent\" data-id=\"b6292d4\" data-element_type=\"container\" data-e-type=\"container\" id=\"brand-development\" data-settings=\"{&quot;animation&quot;:&quot;fadeInRight&quot;}\">\n\t\t<div class=\"elementor-element elementor-element-4523e91 e-con-full e-flex e-con e-child\" data-id=\"4523e91\" data-element_type=\"container\" data-e-type=\"container\" data-settings=\"{&quot;background_background&quot;:&quot;classic&quot;}\">\n\t\t\t\t<div class=\"elementor-element elementor-element-f1b31fd elementor-cta--valign-middle elementor-bg-transform elementor-bg-transform-zoom-out elementor-cta--layout-image-right elementor-cta--tablet-layout-image-above services-custom-title elementor-cta--mobile-layout-image-above elementor-cta--skin-classic elementor-animated-content elementor-widget elementor-widget-call-to-action\" data-id=\"f1b31fd\" data-element_type=\"widget\" data-e-type=\"widget\" data-widget_type=\"call-to-action.default\">\n\t\t\t\t\t\t\t<div class=\"elementor-cta\">\n\t\t\t\t\t<div class=\"elementor-cta__bg-wrapper\">\n\t\t\t\t<div class=\"elementor-cta__bg elementor-bg\" style=\"background-image: url(https:\/\/falconscreativegroup.com\/wp-content\/uploads\/2025\/11\/BrandDev-v1-scaled.jpg);\" role=\"img\" aria-label=\"BrandDev-v1\"><\/div>\n\t\t\t\t<div class=\"elementor-cta__bg-overlay\"><\/div>\n\t\t\t<\/div>\n\t\t\t\t\t\t\t<div class=\"elementor-cta__content\">\n\t\t\t\t\n\t\t\t\t\t\t\t\t\t<h2 class=\"elementor-cta__title elementor-cta__content-item elementor-content-item\">\n\t\t\t\t\t\tDesarrollo de marca\t\t\t\t\t<\/h2>\n\t\t\t\t\n\t\t\t\t\t\t\t\t\t<div class=\"elementor-cta__description elementor-cta__content-item elementor-content-item\">\n\t\t\t\t\t\tLlevamos mucho tiempo en el sector del dise\u00f1o experiencial, por lo que sabemos lo importante que es establecer lealtad entre sus consumidores. Las audiencias actuales son muy perspicaces y pueden detectar la falta de autenticidad a kil\u00f3metros de distancia. Por eso nos tomamos en serio el trabajo de desarrollo de marca.   \n \nPreguntamos c\u00f3mo desea ser representado hoy y en el futuro.\n\nHemos ejercitado los m\u00fasculos del branding estrat\u00e9gico innumerables veces para nuestros clientes, y nunca damos por sentado el proceso. Todo lo que aprendemos se vierte en los cimientos del proyecto. El resultado final es una experiencia inspiradora para el visitante que conecta a los clientes de forma fluida y les impulsa a interactuar \u2014y comprar\u2014 m\u00e1s.   \t\t\t\t\t<\/div>\n\t\t\t\t\n\t\t\t\t\t\t\t<\/div>\n\t\t\t\t\t\t<\/div>\n\t\t\t\t\t\t<\/div>\n\t\t\t\t<\/div>\n\t\t\t\t<\/div>\n\t\t<div class=\"elementor-element elementor-element-523dc15 e-con-full e-flex elementor-invisible e-con e-parent\" data-id=\"523dc15\" data-element_type=\"container\" data-e-type=\"container\" id=\"story-development\" data-settings=\"{&quot;animation&quot;:&quot;fadeInLeft&quot;}\">\n\t\t<div class=\"elementor-element elementor-element-a70c8f5 e-con-full e-flex e-con e-child\" data-id=\"a70c8f5\" data-element_type=\"container\" data-e-type=\"container\">\n\t\t\t\t<div class=\"elementor-element elementor-element-4512237 elementor-cta--valign-middle elementor-bg-transform elementor-bg-transform-zoom-out elementor-cta--layout-image-left elementor-cta--tablet-layout-image-above services-custom-title elementor-cta--mobile-layout-image-above elementor-cta--skin-classic elementor-animated-content elementor-widget elementor-widget-call-to-action\" data-id=\"4512237\" data-element_type=\"widget\" data-e-type=\"widget\" data-widget_type=\"call-to-action.default\">\n\t\t\t\t\t\t\t<div class=\"elementor-cta\">\n\t\t\t\t\t<div class=\"elementor-cta__bg-wrapper\">\n\t\t\t\t<div class=\"elementor-cta__bg elementor-bg\" style=\"background-image: url(https:\/\/falconscreativegroup.com\/wp-content\/uploads\/2025\/11\/Kat-StoryDev-v2-scaled.jpg);\" role=\"img\" aria-label=\"Kat-StoryDev-v2\"><\/div>\n\t\t\t\t<div class=\"elementor-cta__bg-overlay\"><\/div>\n\t\t\t<\/div>\n\t\t\t\t\t\t\t<div class=\"elementor-cta__content\">\n\t\t\t\t\n\t\t\t\t\t\t\t\t\t<h2 class=\"elementor-cta__title elementor-cta__content-item elementor-content-item\">\n\t\t\t\t\t\tDesarrollo de historia\t\t\t\t\t<\/h2>\n\t\t\t\t\n\t\t\t\t\t\t\t\t\t<div class=\"elementor-cta__description elementor-cta__content-item elementor-content-item\">\n\t\t\t\t\t\t\u00bfBusca expertos en creaci\u00f3n de mundos? Durante d\u00e9cadas, hemos ayudado a propietarios de PI a crear experiencias tem\u00e1ticas divertidas y memorables a trav\u00e9s del desarrollo de historias.  \n\n \n\nCon su PI en el centro, formularemos las preguntas adecuadas. \u00bfC\u00f3mo desea que se sienta el visitante? \u00bfQu\u00e9 desea que se lleve consigo? \u00bfC\u00f3mo podemos maximizar la interacci\u00f3n con la marca m\u00e1s all\u00e1 de simplemente obligar a los visitantes a salir por la tienda de regalos?    \n\n \n\nLa cultura importa, y Falcon's siempre investiga para maximizar las interacciones con los visitantes. Consideramos aspectos como el papel que tendr\u00e1n los visitantes, el idioma principal (ya sea hablado o visual), la demograf\u00eda de los visitantes y la ubicaci\u00f3n geogr\u00e1fica real.  \t\t\t\t\t<\/div>\n\t\t\t\t\n\t\t\t\t\t\t\t<\/div>\n\t\t\t\t\t\t<\/div>\n\t\t\t\t\t\t<\/div>\n\t\t\t\t<\/div>\n\t\t\t\t<\/div>\n\t\t<div class=\"elementor-element elementor-element-e2aa6bd e-con-full e-flex elementor-invisible e-con e-parent\" data-id=\"e2aa6bd\" data-element_type=\"container\" data-e-type=\"container\" id=\"character-design\u200b\" data-settings=\"{&quot;animation&quot;:&quot;fadeInRight&quot;}\">\n\t\t<div class=\"elementor-element elementor-element-890ba56 e-con-full e-flex e-con e-child\" data-id=\"890ba56\" data-element_type=\"container\" data-e-type=\"container\">\n\t\t\t\t<div class=\"elementor-element elementor-element-ed23261 elementor-cta--valign-middle elementor-bg-transform elementor-bg-transform-zoom-out elementor-cta--layout-image-right elementor-cta--tablet-layout-image-above services-custom-title elementor-cta--mobile-layout-image-above elementor-cta--skin-classic elementor-animated-content elementor-widget elementor-widget-call-to-action\" data-id=\"ed23261\" data-element_type=\"widget\" data-e-type=\"widget\" data-widget_type=\"call-to-action.default\">\n\t\t\t\t\t\t\t<div class=\"elementor-cta\">\n\t\t\t\t\t<div class=\"elementor-cta__bg-wrapper\">\n\t\t\t\t<div class=\"elementor-cta__bg elementor-bg\" style=\"background-image: url(https:\/\/falconscreativegroup.com\/wp-content\/uploads\/2025\/11\/KAT-Kilgore-CharacterDesign-v2-scaled.jpg);\" role=\"img\" aria-label=\"KAT-Kilgore-CharacterDesign-v2\"><\/div>\n\t\t\t\t<div class=\"elementor-cta__bg-overlay\"><\/div>\n\t\t\t<\/div>\n\t\t\t\t\t\t\t<div class=\"elementor-cta__content\">\n\t\t\t\t\n\t\t\t\t\t\t\t\t\t<h2 class=\"elementor-cta__title elementor-cta__content-item elementor-content-item\">\n\t\t\t\t\t\tDise\u00f1o de personajes\t\t\t\t\t<\/h2>\n\t\t\t\t\n\t\t\t\t\t\t\t\t\t<div class=\"elementor-cta__description elementor-cta__content-item elementor-content-item\">\n\t\t\t\t\t\tImagine el poder del arte vibrante, los storyboards y la visualizaci\u00f3n 3D para dar vida a sus personajes memorables. \n\n \n\nFalcon's destaca en la creaci\u00f3n de mundos, el arte de idear reinos completos de ficci\u00f3n y fantas\u00eda que cuentan con sus propias reglas y coherencias internas. El desarrollo de grandes personajes es fundamental en este proceso. A trav\u00e9s del dise\u00f1o de personajes, nuestro equipo hace que los entornos creados se sientan m\u00e1s vivos.   \n \nLos personajes convincentes son m\u00e1s que actores en una trama; son embajadores de su historia e influyen en las narrativas que son vitales para una experiencia entretenida del visitante. Su estilo, personalidad y gestos est\u00e1n irrefutablemente vinculados con el tono, la atm\u00f3sfera y los temas del mundo en general. Como tales, requieren el toque h\u00e1bil de dise\u00f1adores experimentados y reflexivos.   \t\t\t\t\t<\/div>\n\t\t\t\t\n\t\t\t\t\t\t\t<\/div>\n\t\t\t\t\t\t<\/div>\n\t\t\t\t\t\t<\/div>\n\t\t\t\t<\/div>\n\t\t\t\t<\/div>\n\t\t\t\t<\/div>\n\t\t","protected":false},"excerpt":{"rendered":"<p>Desarrollo de PI Cuando Falcon&#8217;s trabaja con propietarios de propiedad intelectual, comenzamos desde una perspectiva general. \u00bfDe qu\u00e9 trata esta PI? \u00bfCu\u00e1les son sus mensajes principales? \u00bfQu\u00e9 grupos demogr\u00e1ficos prestan mayor atenci\u00f3n a la PI? Luego viene una inspecci\u00f3n m\u00e1s detallada. \u00bfC\u00f3mo desea que esta PI est\u00e9 representada en un entorno tem\u00e1tico? \u00bfQu\u00e9 historia desea [&hellip;]<\/p>\n","protected":false},"author":2,"featured_media":0,"parent":50483,"menu_order":0,"comment_status":"closed","ping_status":"closed","template":"","meta":{"_acf_changed":false,"footnotes":""},"class_list":["post-50184","page","type-page","status-publish","hentry"],"acf":[],"yoast_head":"<!-- This site is optimized with the Yoast SEO plugin v27.5 - https:\/\/yoast.com\/product\/yoast-seo-wordpress\/ -->\n<title>Desarrollo de PI - Falcon&#039;s Creative Group<\/title>\n<meta name=\"description\" content=\"El desarrollo de PI de Falcon&#039;s clarifica el mensaje, la audiencia y la historia de su marca, creando una hoja de ruta para dar vida a su PI en entornos tem\u00e1ticos.\" \/>\n<meta name=\"robots\" content=\"index, follow, max-snippet:-1, max-image-preview:large, max-video-preview:-1\" \/>\n<link rel=\"canonical\" href=\"https:\/\/falconscreativegroup.com\/es\/servicios\/desarrollo\/desarrollo-de-pi\/\" \/>\n<meta property=\"og:locale\" content=\"es_ES\" \/>\n<meta property=\"og:type\" content=\"article\" \/>\n<meta property=\"og:title\" content=\"Desarrollo de PI - Falcon&#039;s Creative Group\" \/>\n<meta property=\"og:description\" content=\"El desarrollo de PI de Falcon&#039;s clarifica el mensaje, la audiencia y la historia de su marca, creando una hoja de ruta para dar vida a su PI en entornos tem\u00e1ticos.\" \/>\n<meta property=\"og:url\" content=\"https:\/\/falconscreativegroup.com\/es\/servicios\/desarrollo\/desarrollo-de-pi\/\" \/>\n<meta property=\"og:site_name\" content=\"Falcon&#039;s Creative Group\" \/>\n<meta property=\"article:publisher\" content=\"https:\/\/www.facebook.com\/falconscreativegroup\/\" \/>\n<meta property=\"article:modified_time\" content=\"2026-03-26T15:21:23+00:00\" \/>\n<meta property=\"og:image\" content=\"https:\/\/falconscreativegroup.com\/wp-content\/uploads\/2021\/02\/Master-Planning-Header-1024x431.jpg\" \/>\n<meta name=\"twitter:card\" content=\"summary_large_image\" \/>\n<meta name=\"twitter:site\" content=\"@falconscg\" \/>\n<meta name=\"twitter:label1\" content=\"Tiempo de lectura\" \/>\n\t<meta name=\"twitter:data1\" content=\"3 minutos\" \/>\n<script type=\"application\/ld+json\" class=\"yoast-schema-graph\">{\"@context\":\"https:\\\/\\\/schema.org\",\"@graph\":[{\"@type\":\"WebPage\",\"@id\":\"https:\\\/\\\/falconscreativegroup.com\\\/es\\\/servicios\\\/desarrollo\\\/desarrollo-de-pi\\\/\",\"url\":\"https:\\\/\\\/falconscreativegroup.com\\\/es\\\/servicios\\\/desarrollo\\\/desarrollo-de-pi\\\/\",\"name\":\"Desarrollo de PI - Falcon&#039;s Creative Group\",\"isPartOf\":{\"@id\":\"https:\\\/\\\/falconscreativegroup.com\\\/es\\\/#website\"},\"datePublished\":\"2025-11-07T15:26:46+00:00\",\"dateModified\":\"2026-03-26T15:21:23+00:00\",\"description\":\"El desarrollo de PI de Falcon's clarifica el mensaje, la audiencia y la historia de su marca, creando una hoja de ruta para dar vida a su PI en entornos tem\u00e1ticos.\",\"breadcrumb\":{\"@id\":\"https:\\\/\\\/falconscreativegroup.com\\\/es\\\/servicios\\\/desarrollo\\\/desarrollo-de-pi\\\/#breadcrumb\"},\"inLanguage\":\"es\",\"potentialAction\":[{\"@type\":\"ReadAction\",\"target\":[\"https:\\\/\\\/falconscreativegroup.com\\\/es\\\/servicios\\\/desarrollo\\\/desarrollo-de-pi\\\/\"]}]},{\"@type\":\"BreadcrumbList\",\"@id\":\"https:\\\/\\\/falconscreativegroup.com\\\/es\\\/servicios\\\/desarrollo\\\/desarrollo-de-pi\\\/#breadcrumb\",\"itemListElement\":[{\"@type\":\"ListItem\",\"position\":1,\"name\":\"Home\",\"item\":\"https:\\\/\\\/falconscreativegroup.com\\\/es\\\/inicio\\\/\"},{\"@type\":\"ListItem\",\"position\":2,\"name\":\"Servicios\",\"item\":\"https:\\\/\\\/falconscreativegroup.com\\\/es\\\/servicios\\\/\"},{\"@type\":\"ListItem\",\"position\":3,\"name\":\"Desarrollo\",\"item\":\"https:\\\/\\\/falconscreativegroup.com\\\/es\\\/servicios\\\/desarrollo\\\/\"},{\"@type\":\"ListItem\",\"position\":4,\"name\":\"Desarrollo de PI\"}]},{\"@type\":\"WebSite\",\"@id\":\"https:\\\/\\\/falconscreativegroup.com\\\/es\\\/#website\",\"url\":\"https:\\\/\\\/falconscreativegroup.com\\\/es\\\/\",\"name\":\"Falcon's Creative Group\",\"description\":\"\",\"publisher\":{\"@id\":\"https:\\\/\\\/falconscreativegroup.com\\\/es\\\/#organization\"},\"potentialAction\":[{\"@type\":\"SearchAction\",\"target\":{\"@type\":\"EntryPoint\",\"urlTemplate\":\"https:\\\/\\\/falconscreativegroup.com\\\/es\\\/?s={search_term_string}\"},\"query-input\":{\"@type\":\"PropertyValueSpecification\",\"valueRequired\":true,\"valueName\":\"search_term_string\"}}],\"inLanguage\":\"es\"},{\"@type\":\"Organization\",\"@id\":\"https:\\\/\\\/falconscreativegroup.com\\\/es\\\/#organization\",\"name\":\"Falcon's Creative Group\",\"url\":\"https:\\\/\\\/falconscreativegroup.com\\\/es\\\/\",\"logo\":{\"@type\":\"ImageObject\",\"inLanguage\":\"es\",\"@id\":\"https:\\\/\\\/falconscreativegroup.com\\\/es\\\/#\\\/schema\\\/logo\\\/image\\\/\",\"url\":\"https:\\\/\\\/falconscreativegroup.com\\\/wp-content\\\/uploads\\\/2026\\\/01\\\/fcg_animLogo_option03_v003.gif\",\"contentUrl\":\"https:\\\/\\\/falconscreativegroup.com\\\/wp-content\\\/uploads\\\/2026\\\/01\\\/fcg_animLogo_option03_v003.gif\",\"width\":1080,\"height\":1080,\"caption\":\"Falcon's Creative Group\"},\"image\":{\"@id\":\"https:\\\/\\\/falconscreativegroup.com\\\/es\\\/#\\\/schema\\\/logo\\\/image\\\/\"},\"sameAs\":[\"https:\\\/\\\/www.facebook.com\\\/falconscreativegroup\\\/\",\"https:\\\/\\\/x.com\\\/falconscg\",\"https:\\\/\\\/www.instagram.com\\\/falconscg\\\/\",\"https:\\\/\\\/www.linkedin.com\\\/company\\\/falcon's-treehouse-llc\",\"https:\\\/\\\/www.youtube.com\\\/channel\\\/UCvXL3cwgzcjREbjtqRv-aFA\",\"https:\\\/\\\/en.wikipedia.org\\\/wiki\\\/Falcon's_Treehouse\"]}]}<\/script>\n<!-- \/ Yoast SEO plugin. -->","yoast_head_json":{"title":"Desarrollo de PI - Falcon&#039;s Creative Group","description":"El desarrollo de PI de Falcon's clarifica el mensaje, la audiencia y la historia de su marca, creando una hoja de ruta para dar vida a su PI en entornos tem\u00e1ticos.","robots":{"index":"index","follow":"follow","max-snippet":"max-snippet:-1","max-image-preview":"max-image-preview:large","max-video-preview":"max-video-preview:-1"},"canonical":"https:\/\/falconscreativegroup.com\/es\/servicios\/desarrollo\/desarrollo-de-pi\/","og_locale":"es_ES","og_type":"article","og_title":"Desarrollo de PI - Falcon&#039;s Creative Group","og_description":"El desarrollo de PI de Falcon's clarifica el mensaje, la audiencia y la historia de su marca, creando una hoja de ruta para dar vida a su PI en entornos tem\u00e1ticos.","og_url":"https:\/\/falconscreativegroup.com\/es\/servicios\/desarrollo\/desarrollo-de-pi\/","og_site_name":"Falcon&#039;s Creative Group","article_publisher":"https:\/\/www.facebook.com\/falconscreativegroup\/","article_modified_time":"2026-03-26T15:21:23+00:00","og_image":[{"url":"https:\/\/falconscreativegroup.com\/wp-content\/uploads\/2021\/02\/Master-Planning-Header-1024x431.jpg","type":"","width":"","height":""}],"twitter_card":"summary_large_image","twitter_site":"@falconscg","twitter_misc":{"Tiempo de lectura":"3 minutos"},"schema":{"@context":"https:\/\/schema.org","@graph":[{"@type":"WebPage","@id":"https:\/\/falconscreativegroup.com\/es\/servicios\/desarrollo\/desarrollo-de-pi\/","url":"https:\/\/falconscreativegroup.com\/es\/servicios\/desarrollo\/desarrollo-de-pi\/","name":"Desarrollo de PI - Falcon&#039;s Creative Group","isPartOf":{"@id":"https:\/\/falconscreativegroup.com\/es\/#website"},"datePublished":"2025-11-07T15:26:46+00:00","dateModified":"2026-03-26T15:21:23+00:00","description":"El desarrollo de PI de Falcon's clarifica el mensaje, la audiencia y la historia de su marca, creando una hoja de ruta para dar vida a su PI en entornos tem\u00e1ticos.","breadcrumb":{"@id":"https:\/\/falconscreativegroup.com\/es\/servicios\/desarrollo\/desarrollo-de-pi\/#breadcrumb"},"inLanguage":"es","potentialAction":[{"@type":"ReadAction","target":["https:\/\/falconscreativegroup.com\/es\/servicios\/desarrollo\/desarrollo-de-pi\/"]}]},{"@type":"BreadcrumbList","@id":"https:\/\/falconscreativegroup.com\/es\/servicios\/desarrollo\/desarrollo-de-pi\/#breadcrumb","itemListElement":[{"@type":"ListItem","position":1,"name":"Home","item":"https:\/\/falconscreativegroup.com\/es\/inicio\/"},{"@type":"ListItem","position":2,"name":"Servicios","item":"https:\/\/falconscreativegroup.com\/es\/servicios\/"},{"@type":"ListItem","position":3,"name":"Desarrollo","item":"https:\/\/falconscreativegroup.com\/es\/servicios\/desarrollo\/"},{"@type":"ListItem","position":4,"name":"Desarrollo de PI"}]},{"@type":"WebSite","@id":"https:\/\/falconscreativegroup.com\/es\/#website","url":"https:\/\/falconscreativegroup.com\/es\/","name":"Falcon's Creative Group","description":"","publisher":{"@id":"https:\/\/falconscreativegroup.com\/es\/#organization"},"potentialAction":[{"@type":"SearchAction","target":{"@type":"EntryPoint","urlTemplate":"https:\/\/falconscreativegroup.com\/es\/?s={search_term_string}"},"query-input":{"@type":"PropertyValueSpecification","valueRequired":true,"valueName":"search_term_string"}}],"inLanguage":"es"},{"@type":"Organization","@id":"https:\/\/falconscreativegroup.com\/es\/#organization","name":"Falcon's Creative Group","url":"https:\/\/falconscreativegroup.com\/es\/","logo":{"@type":"ImageObject","inLanguage":"es","@id":"https:\/\/falconscreativegroup.com\/es\/#\/schema\/logo\/image\/","url":"https:\/\/falconscreativegroup.com\/wp-content\/uploads\/2026\/01\/fcg_animLogo_option03_v003.gif","contentUrl":"https:\/\/falconscreativegroup.com\/wp-content\/uploads\/2026\/01\/fcg_animLogo_option03_v003.gif","width":1080,"height":1080,"caption":"Falcon's Creative Group"},"image":{"@id":"https:\/\/falconscreativegroup.com\/es\/#\/schema\/logo\/image\/"},"sameAs":["https:\/\/www.facebook.com\/falconscreativegroup\/","https:\/\/x.com\/falconscg","https:\/\/www.instagram.com\/falconscg\/","https:\/\/www.linkedin.com\/company\/falcon's-treehouse-llc","https:\/\/www.youtube.com\/channel\/UCvXL3cwgzcjREbjtqRv-aFA","https:\/\/en.wikipedia.org\/wiki\/Falcon's_Treehouse"]}]}},"_links":{"self":[{"href":"https:\/\/falconscreativegroup.com\/es\/wp-json\/wp\/v2\/pages\/50184","targetHints":{"allow":["GET"]}}],"collection":[{"href":"https:\/\/falconscreativegroup.com\/es\/wp-json\/wp\/v2\/pages"}],"about":[{"href":"https:\/\/falconscreativegroup.com\/es\/wp-json\/wp\/v2\/types\/page"}],"author":[{"embeddable":true,"href":"https:\/\/falconscreativegroup.com\/es\/wp-json\/wp\/v2\/users\/2"}],"replies":[{"embeddable":true,"href":"https:\/\/falconscreativegroup.com\/es\/wp-json\/wp\/v2\/comments?post=50184"}],"version-history":[{"count":1,"href":"https:\/\/falconscreativegroup.com\/es\/wp-json\/wp\/v2\/pages\/50184\/revisions"}],"predecessor-version":[{"id":50188,"href":"https:\/\/falconscreativegroup.com\/es\/wp-json\/wp\/v2\/pages\/50184\/revisions\/50188"}],"up":[{"embeddable":true,"href":"https:\/\/falconscreativegroup.com\/es\/wp-json\/wp\/v2\/pages\/50483"}],"wp:attachment":[{"href":"https:\/\/falconscreativegroup.com\/es\/wp-json\/wp\/v2\/media?parent=50184"}],"curies":[{"name":"wp","href":"https:\/\/api.w.org\/{rel}","templated":true}]}}