{"id":50309,"date":"2025-10-30T18:43:25","date_gmt":"2025-10-30T18:43:25","guid":{"rendered":"https:\/\/falconscreativegroup.com\/supervision-in-situ\/"},"modified":"2026-03-26T15:21:51","modified_gmt":"2026-03-26T15:21:51","slug":"supervision-in-situ","status":"publish","type":"page","link":"https:\/\/falconscreativegroup.com\/es\/servicios\/entrega\/supervision-in-situ\/","title":{"rendered":"Supervisi\u00f3n in situ"},"content":{"rendered":"\t\t<div data-elementor-type=\"wp-page\" data-elementor-id=\"50309\" class=\"elementor elementor-50309 elementor-43236\" data-elementor-post-type=\"page\">\n\t\t\t\t<div class=\"elementor-element elementor-element-52c86da e-flex e-con-boxed e-con e-parent\" data-id=\"52c86da\" data-element_type=\"container\" data-e-type=\"container\" data-settings=\"{&quot;background_background&quot;:&quot;classic&quot;}\">\n\t\t\t\t\t<div class=\"e-con-inner\">\n\t\t<div class=\"elementor-element elementor-element-39b16af e-con-full e-flex elementor-invisible e-con e-child\" data-id=\"39b16af\" data-element_type=\"container\" data-e-type=\"container\" data-settings=\"{&quot;animation&quot;:&quot;fadeInLeft&quot;}\">\n\t\t\t\t<div class=\"elementor-element elementor-element-628a5bd service-main-title elementor-widget elementor-widget-heading\" data-id=\"628a5bd\" data-element_type=\"widget\" data-e-type=\"widget\" data-widget_type=\"heading.default\">\n\t\t\t\t\t<h1 class=\"elementor-heading-title elementor-size-default\">In situ \n<br><span>Supervisi\u00f3n<\/span><\/h1>\t\t\t\t<\/div>\n\t\t\t\t<\/div>\n\t\t\t\t\t<\/div>\n\t\t\t\t<\/div>\n\t\t<div class=\"elementor-element elementor-element-c6a59f6 e-flex e-con-boxed e-con e-parent\" data-id=\"c6a59f6\" data-element_type=\"container\" data-e-type=\"container\">\n\t\t\t\t\t<div class=\"e-con-inner\">\n\t\t\t\t<div class=\"elementor-element elementor-element-f95cdd4 elementor-widget elementor-widget-text-editor\" data-id=\"f95cdd4\" data-element_type=\"widget\" data-e-type=\"widget\" data-widget_type=\"text-editor.default\">\n\t\t\t\t\t\t\t\t\t<p>\u00bfQu\u00e9 hace que una atracci\u00f3n, un parque tem\u00e1tico o un destino de entretenimiento sea verdaderamente excepcional?<\/p><p>Falcon&#8217;s Creative Group ha explorado esta cuesti\u00f3n a trav\u00e9s de nuestros logros pioneros durante los \u00faltimos 25 a\u00f1os, pero la realidad es que seguimos evolucionando como dise\u00f1adores de entretenimiento tem\u00e1tico. \u00bfPor qu\u00e9? Porque cada proyecto es diferente; cada situaci\u00f3n es nueva; cada marca se representa de una manera \u00fanica.  <\/p><p>Tomemos, por ejemplo, una atracci\u00f3n, que puede constar de un mill\u00f3n de piezas m\u00f3viles, todas ellas con necesidad de ser desarrolladas en t\u00e1ndem. Cada pieza es crucial para el \u00e9xito de esa atracci\u00f3n, desde el guion hasta el contenido digital, la arquitectura, el flujo de visitantes, la mec\u00e1nica de la atracci\u00f3n, la seguridad, la direcci\u00f3n de arte y muchas m\u00e1s. Cada una debe ser considerada y valorada, y eso es lo que hacemos, todo el tiempo, pase lo que pase, a trav\u00e9s de nuestros servicios de supervisi\u00f3n in situ.  <\/p>\t\t\t\t\t\t\t\t<\/div>\n\t\t\t\t\t<\/div>\n\t\t\t\t<\/div>\n\t\t<div class=\"elementor-element elementor-element-e3acb97 e-con-full e-flex elementor-invisible e-con e-parent\" data-id=\"e3acb97\" data-element_type=\"container\" data-e-type=\"container\" data-settings=\"{&quot;background_background&quot;:&quot;classic&quot;,&quot;animation&quot;:&quot;fadeIn&quot;}\">\n\t\t\t\t<div class=\"elementor-element elementor-element-639dd66 elementor-nav-menu__align-center elementor-nav-menu--dropdown-none elementor-widget elementor-widget-nav-menu\" data-id=\"639dd66\" data-element_type=\"widget\" data-e-type=\"widget\" id=\"custom-services-menu\" data-settings=\"{&quot;submenu_icon&quot;:{&quot;value&quot;:&quot;&lt;i aria-hidden=\\&quot;true\\&quot; class=\\&quot;\\&quot;&gt;&lt;\\\/i&gt;&quot;,&quot;library&quot;:&quot;&quot;},&quot;sticky&quot;:&quot;top&quot;,&quot;sticky_offset&quot;:120,&quot;sticky_offset_tablet&quot;:130,&quot;sticky_offset_mobile&quot;:123,&quot;sticky_offset_laptop&quot;:166,&quot;layout&quot;:&quot;horizontal&quot;,&quot;sticky_on&quot;:[&quot;desktop&quot;,&quot;laptop&quot;,&quot;tablet&quot;,&quot;mobile&quot;],&quot;sticky_effects_offset&quot;:0,&quot;sticky_anchor_link_offset&quot;:0}\" data-widget_type=\"nav-menu.default\">\n\t\t\t\t\t\t\t\t<nav aria-label=\"Menu\" class=\"elementor-nav-menu--main elementor-nav-menu__container elementor-nav-menu--layout-horizontal e--pointer-none\">\n\t\t\t\t<ul id=\"menu-1-639dd66\" class=\"elementor-nav-menu\"><li class=\"menu-item menu-item-type-custom menu-item-object-custom menu-item-54879\"><a href=\"#ride-show-choreography\" class=\"elementor-item elementor-item-anchor\">Coreograf\u00eda de atracciones y espect\u00e1culos<\/a><\/li>\n<li class=\"menu-item menu-item-type-custom menu-item-object-custom menu-item-54880\"><a href=\"#field-art-direction\" class=\"elementor-item elementor-item-anchor\">Direcci\u00f3n de arte en campo<\/a><\/li>\n<li class=\"menu-item menu-item-type-custom menu-item-object-custom menu-item-54881\"><a href=\"#installation-supervision\" class=\"elementor-item elementor-item-anchor\">Supervisi\u00f3n de la instalaci\u00f3n<\/a><\/li>\n<\/ul>\t\t\t<\/nav>\n\t\t\t\t\t\t<nav class=\"elementor-nav-menu--dropdown elementor-nav-menu__container\" aria-hidden=\"true\">\n\t\t\t\t<ul id=\"menu-2-639dd66\" class=\"elementor-nav-menu\"><li class=\"menu-item menu-item-type-custom menu-item-object-custom menu-item-54879\"><a href=\"#ride-show-choreography\" class=\"elementor-item elementor-item-anchor\" tabindex=\"-1\">Coreograf\u00eda de atracciones y espect\u00e1culos<\/a><\/li>\n<li class=\"menu-item menu-item-type-custom menu-item-object-custom menu-item-54880\"><a href=\"#field-art-direction\" class=\"elementor-item elementor-item-anchor\" tabindex=\"-1\">Direcci\u00f3n de arte en campo<\/a><\/li>\n<li class=\"menu-item menu-item-type-custom menu-item-object-custom menu-item-54881\"><a href=\"#installation-supervision\" class=\"elementor-item elementor-item-anchor\" tabindex=\"-1\">Supervisi\u00f3n de la instalaci\u00f3n<\/a><\/li>\n<\/ul>\t\t\t<\/nav>\n\t\t\t\t\t\t<\/div>\n\t\t\t\t<\/div>\n\t\t<div class=\"elementor-element elementor-element-e9c2ddf e-flex e-con-boxed e-con e-parent\" data-id=\"e9c2ddf\" data-element_type=\"container\" data-e-type=\"container\" data-settings=\"{&quot;background_background&quot;:&quot;classic&quot;}\">\n\t\t\t\t\t<div class=\"e-con-inner\">\n\t\t\t\t<div class=\"elementor-element elementor-element-a1a75bb elementor-widget elementor-widget-spacer\" data-id=\"a1a75bb\" data-element_type=\"widget\" data-e-type=\"widget\" data-widget_type=\"spacer.default\">\n\t\t\t\t\t\t\t<div class=\"elementor-spacer\">\n\t\t\t<div class=\"elementor-spacer-inner\"><\/div>\n\t\t<\/div>\n\t\t\t\t\t\t<\/div>\n\t\t\t\t\t<\/div>\n\t\t\t\t<\/div>\n\t\t<div class=\"elementor-element elementor-element-b6292d4 e-con-full e-flex elementor-invisible e-con e-parent\" data-id=\"b6292d4\" data-element_type=\"container\" data-e-type=\"container\" id=\"ride-show-choreography\" data-settings=\"{&quot;animation&quot;:&quot;fadeInRight&quot;}\">\n\t\t<div class=\"elementor-element elementor-element-4523e91 e-con-full e-flex e-con e-child\" data-id=\"4523e91\" data-element_type=\"container\" data-e-type=\"container\" data-settings=\"{&quot;background_background&quot;:&quot;classic&quot;}\">\n\t\t\t\t<div class=\"elementor-element elementor-element-f1b31fd elementor-cta--valign-middle elementor-bg-transform elementor-bg-transform-zoom-out elementor-cta--layout-image-right elementor-cta--tablet-layout-image-above services-custom-title elementor-cta--mobile-layout-image-above elementor-cta--skin-classic elementor-animated-content elementor-widget elementor-widget-call-to-action\" data-id=\"f1b31fd\" data-element_type=\"widget\" data-e-type=\"widget\" data-widget_type=\"call-to-action.default\">\n\t\t\t\t\t\t\t<div class=\"elementor-cta\">\n\t\t\t\t\t<div class=\"elementor-cta__bg-wrapper\">\n\t\t\t\t<div class=\"elementor-cta__bg elementor-bg\" style=\"background-image: url(https:\/\/falconscreativegroup.com\/wp-content\/uploads\/2025\/11\/Ride-Programming-2.jpg);\" role=\"img\" aria-label=\"Programaci\u00f3n de atracciones 2\"><\/div>\n\t\t\t\t<div class=\"elementor-cta__bg-overlay\"><\/div>\n\t\t\t<\/div>\n\t\t\t\t\t\t\t<div class=\"elementor-cta__content\">\n\t\t\t\t\n\t\t\t\t\t\t\t\t\t<h2 class=\"elementor-cta__title elementor-cta__content-item elementor-content-item\">\n\t\t\t\t\t\tCoreograf\u00eda de atracciones y espect\u00e1culos\t\t\t\t\t<\/h2>\n\t\t\t\t\n\t\t\t\t\t\t\t\t\t<div class=\"elementor-cta__description elementor-cta__content-item elementor-content-item\">\n\t\t\t\t\t\tPara asegurar que la experiencia final del visitante mantenga el dise\u00f1o y la intenci\u00f3n originales, nuestros supervisores dirigen y coordinan los esfuerzos con programadores que representan varias disciplinas, como sistemas de atracciones, audiovisuales, iluminaci\u00f3n y efectos especiales. Nos tomamos este paso muy en serio porque la seguridad es nuestra prioridad n\u00famero uno. Llevamos d\u00e9cadas involucrados en la coreograf\u00eda de atracciones y espect\u00e1culos, lo que significa que sabemos exactamente qu\u00e9 pasos hay que dar y cu\u00e1nto trabajo hay que invertir en este esfuerzo. Cuando enviamos a los miembros de nuestro equipo al lugar, se centran al m\u00e1ximo en su lista de tareas y pueden ayudar al equipo m\u00e1s grande a abordar cualquier problema potencial que surja.   \t\t\t\t\t<\/div>\n\t\t\t\t\n\t\t\t\t\t\t\t<\/div>\n\t\t\t\t\t\t<\/div>\n\t\t\t\t\t\t<\/div>\n\t\t\t\t<\/div>\n\t\t\t\t<\/div>\n\t\t<div class=\"elementor-element elementor-element-523dc15 e-con-full e-flex elementor-invisible e-con e-parent\" data-id=\"523dc15\" data-element_type=\"container\" data-e-type=\"container\" id=\"field-art-direction\" data-settings=\"{&quot;animation&quot;:&quot;fadeInLeft&quot;}\">\n\t\t<div class=\"elementor-element elementor-element-a70c8f5 e-con-full e-flex e-con e-child\" data-id=\"a70c8f5\" data-element_type=\"container\" data-e-type=\"container\">\n\t\t\t\t<div class=\"elementor-element elementor-element-4512237 elementor-cta--valign-middle elementor-bg-transform elementor-bg-transform-zoom-out elementor-cta--layout-image-left elementor-cta--tablet-layout-image-above services-custom-title elementor-cta--mobile-layout-image-above elementor-cta--skin-classic elementor-animated-content elementor-widget elementor-widget-call-to-action\" data-id=\"4512237\" data-element_type=\"widget\" data-e-type=\"widget\" data-widget_type=\"call-to-action.default\">\n\t\t\t\t\t\t\t<div class=\"elementor-cta\">\n\t\t\t\t\t<div class=\"elementor-cta__bg-wrapper\">\n\t\t\t\t<div class=\"elementor-cta__bg elementor-bg\" style=\"background-image: url(https:\/\/falconscreativegroup.com\/wp-content\/uploads\/2025\/11\/Creative-Guardian-Blog-Featured.jpg);\" role=\"img\" aria-label=\"Creative-Guardian-Blog-Featured\"><\/div>\n\t\t\t\t<div class=\"elementor-cta__bg-overlay\"><\/div>\n\t\t\t<\/div>\n\t\t\t\t\t\t\t<div class=\"elementor-cta__content\">\n\t\t\t\t\n\t\t\t\t\t\t\t\t\t<h2 class=\"elementor-cta__title elementor-cta__content-item elementor-content-item\">\n\t\t\t\t\t\tDirecci\u00f3n de arte en campo\t\t\t\t\t<\/h2>\n\t\t\t\t\n\t\t\t\t\t\t\t\t\t<div class=\"elementor-cta__description elementor-cta__content-item elementor-content-item\">\n\t\t\t\t\t\tLa direcci\u00f3n de arte es muy valorada por una buena raz\u00f3n; tiene la responsabilidad de mantener el \"aspecto\" deseado durante la ejecuci\u00f3n. \n\nFalcon's proporciona direcci\u00f3n de arte in situ realizando observaciones de campo de la construcci\u00f3n en curso y abordando de inmediato las deficiencias e incongruencias.\n\nLos profesionales con los que trabajamos a menudo tienen d\u00e9cadas de experiencia in situ en su haber, y poseen conocimientos que solo se adquieren estando all\u00ed y haciendo el trabajo. \n\nAntes de que nuestros directores de arte de campo lleguen al lugar, ya han revisado los planes detallados que les han entregado nuestros directores creativos, gestores de propiedad intelectual y directores de arte, por lo que tienen una direcci\u00f3n clara. Si surgen cambios, est\u00e1n equipados con el conocimiento y la comprensi\u00f3n del proyecto y la propiedad intelectual para adaptarse en consecuencia. \n\t\t\t\t\t<\/div>\n\t\t\t\t\n\t\t\t\t\t\t\t<\/div>\n\t\t\t\t\t\t<\/div>\n\t\t\t\t\t\t<\/div>\n\t\t\t\t<\/div>\n\t\t\t\t<\/div>\n\t\t<div class=\"elementor-element elementor-element-e2aa6bd e-con-full e-flex elementor-invisible e-con e-parent\" data-id=\"e2aa6bd\" data-element_type=\"container\" data-e-type=\"container\" id=\"installation-supervision\" data-settings=\"{&quot;animation&quot;:&quot;fadeInRight&quot;}\">\n\t\t<div class=\"elementor-element elementor-element-890ba56 e-con-full e-flex e-con e-child\" data-id=\"890ba56\" data-element_type=\"container\" data-e-type=\"container\">\n\t\t\t\t<div class=\"elementor-element elementor-element-ed23261 elementor-cta--valign-middle elementor-bg-transform elementor-bg-transform-zoom-out elementor-cta--layout-image-right elementor-cta--tablet-layout-image-above services-custom-title elementor-cta--mobile-layout-image-above elementor-cta--skin-classic elementor-animated-content elementor-widget elementor-widget-call-to-action\" data-id=\"ed23261\" data-element_type=\"widget\" data-e-type=\"widget\" data-widget_type=\"call-to-action.default\">\n\t\t\t\t\t\t\t<div class=\"elementor-cta\">\n\t\t\t\t\t<div class=\"elementor-cta__bg-wrapper\">\n\t\t\t\t<div class=\"elementor-cta__bg elementor-bg\" style=\"background-image: url(https:\/\/falconscreativegroup.com\/wp-content\/uploads\/2025\/11\/Ride-Installation-Header.jpg);\" role=\"img\" aria-label=\"Encabezado de instalaci\u00f3n de atracci\u00f3n\"><\/div>\n\t\t\t\t<div class=\"elementor-cta__bg-overlay\"><\/div>\n\t\t\t<\/div>\n\t\t\t\t\t\t\t<div class=\"elementor-cta__content\">\n\t\t\t\t\n\t\t\t\t\t\t\t\t\t<h2 class=\"elementor-cta__title elementor-cta__content-item elementor-content-item\">\n\t\t\t\t\t\tSupervisi\u00f3n de la instalaci\u00f3n\t\t\t\t\t<\/h2>\n\t\t\t\t\n\t\t\t\t\t\t\t\t\t<div class=\"elementor-cta__description elementor-cta__content-item elementor-content-item\">\n\t\t\t\t\t\tRealizamos frecuentes recorridos con los proveedores de instalaci\u00f3n para asegurarnos de que cumplen con los documentos de construcci\u00f3n. Durante un recorrido final, Falcon's prepara una lista para cada proveedor que detalla los elementos que no se han completado a nuestra satisfacci\u00f3n. \n\nFalcon's contin\u00faa supervisando todo el progreso hasta que recibimos la notificaci\u00f3n de los proveedores de que los problemas se han resuelto con \u00e9xito. Nuestro equipo verificar\u00e1 entonces que el proyecto est\u00e1 completo antes de programar una inspecci\u00f3n creativa formal final. \t\t\t\t\t<\/div>\n\t\t\t\t\n\t\t\t\t\t\t\t<\/div>\n\t\t\t\t\t\t<\/div>\n\t\t\t\t\t\t<\/div>\n\t\t\t\t<\/div>\n\t\t\t\t<\/div>\n\t\t\t\t<\/div>\n\t\t","protected":false},"excerpt":{"rendered":"<p>In situ Supervisi\u00f3n \u00bfQu\u00e9 hace que una atracci\u00f3n, un parque tem\u00e1tico o un destino de entretenimiento sea verdaderamente excepcional? Falcon&#8217;s Creative Group ha explorado esta cuesti\u00f3n a trav\u00e9s de nuestros logros pioneros durante los \u00faltimos 25 a\u00f1os, pero la realidad es que seguimos evolucionando como dise\u00f1adores de entretenimiento tem\u00e1tico. \u00bfPor qu\u00e9? Porque cada proyecto es [&hellip;]<\/p>\n","protected":false},"author":2,"featured_media":0,"parent":50513,"menu_order":0,"comment_status":"closed","ping_status":"closed","template":"","meta":{"_acf_changed":false,"footnotes":""},"class_list":["post-50309","page","type-page","status-publish","hentry"],"acf":[],"yoast_head":"<!-- This site is optimized with the Yoast SEO plugin v27.5 - https:\/\/yoast.com\/product\/yoast-seo-wordpress\/ -->\n<title>Supervisi\u00f3n in situ - Falcon&#039;s Creative Group<\/title>\n<meta name=\"description\" content=\"La Supervisi\u00f3n in situ de Falcon&#039;s mantiene las atracciones en marcha con la coreograf\u00eda de atracciones\/espect\u00e1culos, la direcci\u00f3n de arte en campo y la supervisi\u00f3n de la instalaci\u00f3n, priorizando siempre la seguridad.\" \/>\n<meta name=\"robots\" content=\"index, follow, max-snippet:-1, max-image-preview:large, max-video-preview:-1\" \/>\n<link rel=\"canonical\" href=\"https:\/\/falconscreativegroup.com\/es\/servicios\/entrega\/supervision-in-situ\/\" \/>\n<meta property=\"og:locale\" content=\"es_ES\" \/>\n<meta property=\"og:type\" content=\"article\" \/>\n<meta property=\"og:title\" content=\"Supervisi\u00f3n in situ - Falcon&#039;s Creative Group\" \/>\n<meta property=\"og:description\" content=\"La Supervisi\u00f3n in situ de Falcon&#039;s mantiene las atracciones en marcha con la coreograf\u00eda de atracciones\/espect\u00e1culos, la direcci\u00f3n de arte en campo y la supervisi\u00f3n de la instalaci\u00f3n, priorizando siempre la seguridad.\" \/>\n<meta property=\"og:url\" content=\"https:\/\/falconscreativegroup.com\/es\/servicios\/entrega\/supervision-in-situ\/\" \/>\n<meta property=\"og:site_name\" content=\"Falcon&#039;s Creative Group\" \/>\n<meta property=\"article:publisher\" content=\"https:\/\/www.facebook.com\/falconscreativegroup\/\" \/>\n<meta property=\"article:modified_time\" content=\"2026-03-26T15:21:51+00:00\" \/>\n<meta property=\"og:image\" content=\"https:\/\/falconscreativegroup.com\/wp-content\/uploads\/2021\/02\/Master-Planning-Header-1024x431.jpg\" \/>\n<meta name=\"twitter:card\" content=\"summary_large_image\" \/>\n<meta name=\"twitter:site\" content=\"@falconscg\" \/>\n<meta name=\"twitter:label1\" content=\"Tiempo de lectura\" \/>\n\t<meta name=\"twitter:data1\" content=\"3 minutos\" \/>\n<script type=\"application\/ld+json\" class=\"yoast-schema-graph\">{\"@context\":\"https:\\\/\\\/schema.org\",\"@graph\":[{\"@type\":\"WebPage\",\"@id\":\"https:\\\/\\\/falconscreativegroup.com\\\/es\\\/servicios\\\/entrega\\\/supervision-in-situ\\\/\",\"url\":\"https:\\\/\\\/falconscreativegroup.com\\\/es\\\/servicios\\\/entrega\\\/supervision-in-situ\\\/\",\"name\":\"Supervisi\u00f3n in situ - Falcon&#039;s Creative Group\",\"isPartOf\":{\"@id\":\"https:\\\/\\\/falconscreativegroup.com\\\/es\\\/#website\"},\"datePublished\":\"2025-10-30T18:43:25+00:00\",\"dateModified\":\"2026-03-26T15:21:51+00:00\",\"description\":\"La Supervisi\u00f3n in situ de Falcon's mantiene las atracciones en marcha con la coreograf\u00eda de atracciones\\\/espect\u00e1culos, la direcci\u00f3n de arte en campo y la supervisi\u00f3n de la instalaci\u00f3n, priorizando siempre la seguridad.\",\"breadcrumb\":{\"@id\":\"https:\\\/\\\/falconscreativegroup.com\\\/es\\\/servicios\\\/entrega\\\/supervision-in-situ\\\/#breadcrumb\"},\"inLanguage\":\"es\",\"potentialAction\":[{\"@type\":\"ReadAction\",\"target\":[\"https:\\\/\\\/falconscreativegroup.com\\\/es\\\/servicios\\\/entrega\\\/supervision-in-situ\\\/\"]}]},{\"@type\":\"BreadcrumbList\",\"@id\":\"https:\\\/\\\/falconscreativegroup.com\\\/es\\\/servicios\\\/entrega\\\/supervision-in-situ\\\/#breadcrumb\",\"itemListElement\":[{\"@type\":\"ListItem\",\"position\":1,\"name\":\"Home\",\"item\":\"https:\\\/\\\/falconscreativegroup.com\\\/es\\\/inicio\\\/\"},{\"@type\":\"ListItem\",\"position\":2,\"name\":\"Servicios\",\"item\":\"https:\\\/\\\/falconscreativegroup.com\\\/es\\\/servicios\\\/\"},{\"@type\":\"ListItem\",\"position\":3,\"name\":\"Entrega\",\"item\":\"https:\\\/\\\/falconscreativegroup.com\\\/es\\\/servicios\\\/entrega\\\/\"},{\"@type\":\"ListItem\",\"position\":4,\"name\":\"Supervisi\u00f3n in situ\"}]},{\"@type\":\"WebSite\",\"@id\":\"https:\\\/\\\/falconscreativegroup.com\\\/es\\\/#website\",\"url\":\"https:\\\/\\\/falconscreativegroup.com\\\/es\\\/\",\"name\":\"Falcon's Creative Group\",\"description\":\"\",\"publisher\":{\"@id\":\"https:\\\/\\\/falconscreativegroup.com\\\/es\\\/#organization\"},\"potentialAction\":[{\"@type\":\"SearchAction\",\"target\":{\"@type\":\"EntryPoint\",\"urlTemplate\":\"https:\\\/\\\/falconscreativegroup.com\\\/es\\\/?s={search_term_string}\"},\"query-input\":{\"@type\":\"PropertyValueSpecification\",\"valueRequired\":true,\"valueName\":\"search_term_string\"}}],\"inLanguage\":\"es\"},{\"@type\":\"Organization\",\"@id\":\"https:\\\/\\\/falconscreativegroup.com\\\/es\\\/#organization\",\"name\":\"Falcon's Creative Group\",\"url\":\"https:\\\/\\\/falconscreativegroup.com\\\/es\\\/\",\"logo\":{\"@type\":\"ImageObject\",\"inLanguage\":\"es\",\"@id\":\"https:\\\/\\\/falconscreativegroup.com\\\/es\\\/#\\\/schema\\\/logo\\\/image\\\/\",\"url\":\"https:\\\/\\\/falconscreativegroup.com\\\/wp-content\\\/uploads\\\/2026\\\/01\\\/fcg_animLogo_option03_v003.gif\",\"contentUrl\":\"https:\\\/\\\/falconscreativegroup.com\\\/wp-content\\\/uploads\\\/2026\\\/01\\\/fcg_animLogo_option03_v003.gif\",\"width\":1080,\"height\":1080,\"caption\":\"Falcon's Creative Group\"},\"image\":{\"@id\":\"https:\\\/\\\/falconscreativegroup.com\\\/es\\\/#\\\/schema\\\/logo\\\/image\\\/\"},\"sameAs\":[\"https:\\\/\\\/www.facebook.com\\\/falconscreativegroup\\\/\",\"https:\\\/\\\/x.com\\\/falconscg\",\"https:\\\/\\\/www.instagram.com\\\/falconscg\\\/\",\"https:\\\/\\\/www.linkedin.com\\\/company\\\/falcon's-treehouse-llc\",\"https:\\\/\\\/www.youtube.com\\\/channel\\\/UCvXL3cwgzcjREbjtqRv-aFA\",\"https:\\\/\\\/en.wikipedia.org\\\/wiki\\\/Falcon's_Treehouse\"]}]}<\/script>\n<!-- \/ Yoast SEO plugin. -->","yoast_head_json":{"title":"Supervisi\u00f3n in situ - Falcon&#039;s Creative Group","description":"La Supervisi\u00f3n in situ de Falcon's mantiene las atracciones en marcha con la coreograf\u00eda de atracciones\/espect\u00e1culos, la direcci\u00f3n de arte en campo y la supervisi\u00f3n de la instalaci\u00f3n, priorizando siempre la seguridad.","robots":{"index":"index","follow":"follow","max-snippet":"max-snippet:-1","max-image-preview":"max-image-preview:large","max-video-preview":"max-video-preview:-1"},"canonical":"https:\/\/falconscreativegroup.com\/es\/servicios\/entrega\/supervision-in-situ\/","og_locale":"es_ES","og_type":"article","og_title":"Supervisi\u00f3n in situ - Falcon&#039;s Creative Group","og_description":"La Supervisi\u00f3n in situ de Falcon's mantiene las atracciones en marcha con la coreograf\u00eda de atracciones\/espect\u00e1culos, la direcci\u00f3n de arte en campo y la supervisi\u00f3n de la instalaci\u00f3n, priorizando siempre la seguridad.","og_url":"https:\/\/falconscreativegroup.com\/es\/servicios\/entrega\/supervision-in-situ\/","og_site_name":"Falcon&#039;s Creative Group","article_publisher":"https:\/\/www.facebook.com\/falconscreativegroup\/","article_modified_time":"2026-03-26T15:21:51+00:00","og_image":[{"url":"https:\/\/falconscreativegroup.com\/wp-content\/uploads\/2021\/02\/Master-Planning-Header-1024x431.jpg","type":"","width":"","height":""}],"twitter_card":"summary_large_image","twitter_site":"@falconscg","twitter_misc":{"Tiempo de lectura":"3 minutos"},"schema":{"@context":"https:\/\/schema.org","@graph":[{"@type":"WebPage","@id":"https:\/\/falconscreativegroup.com\/es\/servicios\/entrega\/supervision-in-situ\/","url":"https:\/\/falconscreativegroup.com\/es\/servicios\/entrega\/supervision-in-situ\/","name":"Supervisi\u00f3n in situ - Falcon&#039;s Creative Group","isPartOf":{"@id":"https:\/\/falconscreativegroup.com\/es\/#website"},"datePublished":"2025-10-30T18:43:25+00:00","dateModified":"2026-03-26T15:21:51+00:00","description":"La Supervisi\u00f3n in situ de Falcon's mantiene las atracciones en marcha con la coreograf\u00eda de atracciones\/espect\u00e1culos, la direcci\u00f3n de arte en campo y la supervisi\u00f3n de la instalaci\u00f3n, priorizando siempre la seguridad.","breadcrumb":{"@id":"https:\/\/falconscreativegroup.com\/es\/servicios\/entrega\/supervision-in-situ\/#breadcrumb"},"inLanguage":"es","potentialAction":[{"@type":"ReadAction","target":["https:\/\/falconscreativegroup.com\/es\/servicios\/entrega\/supervision-in-situ\/"]}]},{"@type":"BreadcrumbList","@id":"https:\/\/falconscreativegroup.com\/es\/servicios\/entrega\/supervision-in-situ\/#breadcrumb","itemListElement":[{"@type":"ListItem","position":1,"name":"Home","item":"https:\/\/falconscreativegroup.com\/es\/inicio\/"},{"@type":"ListItem","position":2,"name":"Servicios","item":"https:\/\/falconscreativegroup.com\/es\/servicios\/"},{"@type":"ListItem","position":3,"name":"Entrega","item":"https:\/\/falconscreativegroup.com\/es\/servicios\/entrega\/"},{"@type":"ListItem","position":4,"name":"Supervisi\u00f3n in situ"}]},{"@type":"WebSite","@id":"https:\/\/falconscreativegroup.com\/es\/#website","url":"https:\/\/falconscreativegroup.com\/es\/","name":"Falcon's Creative Group","description":"","publisher":{"@id":"https:\/\/falconscreativegroup.com\/es\/#organization"},"potentialAction":[{"@type":"SearchAction","target":{"@type":"EntryPoint","urlTemplate":"https:\/\/falconscreativegroup.com\/es\/?s={search_term_string}"},"query-input":{"@type":"PropertyValueSpecification","valueRequired":true,"valueName":"search_term_string"}}],"inLanguage":"es"},{"@type":"Organization","@id":"https:\/\/falconscreativegroup.com\/es\/#organization","name":"Falcon's Creative Group","url":"https:\/\/falconscreativegroup.com\/es\/","logo":{"@type":"ImageObject","inLanguage":"es","@id":"https:\/\/falconscreativegroup.com\/es\/#\/schema\/logo\/image\/","url":"https:\/\/falconscreativegroup.com\/wp-content\/uploads\/2026\/01\/fcg_animLogo_option03_v003.gif","contentUrl":"https:\/\/falconscreativegroup.com\/wp-content\/uploads\/2026\/01\/fcg_animLogo_option03_v003.gif","width":1080,"height":1080,"caption":"Falcon's Creative Group"},"image":{"@id":"https:\/\/falconscreativegroup.com\/es\/#\/schema\/logo\/image\/"},"sameAs":["https:\/\/www.facebook.com\/falconscreativegroup\/","https:\/\/x.com\/falconscg","https:\/\/www.instagram.com\/falconscg\/","https:\/\/www.linkedin.com\/company\/falcon's-treehouse-llc","https:\/\/www.youtube.com\/channel\/UCvXL3cwgzcjREbjtqRv-aFA","https:\/\/en.wikipedia.org\/wiki\/Falcon's_Treehouse"]}]}},"_links":{"self":[{"href":"https:\/\/falconscreativegroup.com\/es\/wp-json\/wp\/v2\/pages\/50309","targetHints":{"allow":["GET"]}}],"collection":[{"href":"https:\/\/falconscreativegroup.com\/es\/wp-json\/wp\/v2\/pages"}],"about":[{"href":"https:\/\/falconscreativegroup.com\/es\/wp-json\/wp\/v2\/types\/page"}],"author":[{"embeddable":true,"href":"https:\/\/falconscreativegroup.com\/es\/wp-json\/wp\/v2\/users\/2"}],"replies":[{"embeddable":true,"href":"https:\/\/falconscreativegroup.com\/es\/wp-json\/wp\/v2\/comments?post=50309"}],"version-history":[{"count":1,"href":"https:\/\/falconscreativegroup.com\/es\/wp-json\/wp\/v2\/pages\/50309\/revisions"}],"predecessor-version":[{"id":50312,"href":"https:\/\/falconscreativegroup.com\/es\/wp-json\/wp\/v2\/pages\/50309\/revisions\/50312"}],"up":[{"embeddable":true,"href":"https:\/\/falconscreativegroup.com\/es\/wp-json\/wp\/v2\/pages\/50513"}],"wp:attachment":[{"href":"https:\/\/falconscreativegroup.com\/es\/wp-json\/wp\/v2\/media?parent=50309"}],"curies":[{"name":"wp","href":"https:\/\/api.w.org\/{rel}","templated":true}]}}