{"id":50321,"date":"2025-10-30T18:41:58","date_gmt":"2025-10-30T18:41:58","guid":{"rendered":"https:\/\/falconscreativegroup.com\/guardian-creativo\/"},"modified":"2026-03-26T15:21:51","modified_gmt":"2026-03-26T15:21:51","slug":"guardian-creativo","status":"publish","type":"page","link":"https:\/\/falconscreativegroup.com\/es\/servicios\/entrega\/guardian-creativo\/","title":{"rendered":"Guardi\u00e1n Creativo"},"content":{"rendered":"\t\t<div data-elementor-type=\"wp-page\" data-elementor-id=\"50321\" class=\"elementor elementor-50321 elementor-43231\" data-elementor-post-type=\"page\">\n\t\t\t\t<div class=\"elementor-element elementor-element-52c86da e-flex e-con-boxed e-con e-parent\" data-id=\"52c86da\" data-element_type=\"container\" data-e-type=\"container\" data-settings=\"{&quot;background_background&quot;:&quot;classic&quot;}\">\n\t\t\t\t\t<div class=\"e-con-inner\">\n\t\t<div class=\"elementor-element elementor-element-39b16af e-con-full e-flex elementor-invisible e-con e-child\" data-id=\"39b16af\" data-element_type=\"container\" data-e-type=\"container\" data-settings=\"{&quot;animation&quot;:&quot;fadeInLeft&quot;}\">\n\t\t\t\t<div class=\"elementor-element elementor-element-628a5bd service-main-title elementor-widget elementor-widget-heading\" data-id=\"628a5bd\" data-element_type=\"widget\" data-e-type=\"widget\" data-widget_type=\"heading.default\">\n\t\t\t\t\t<h1 class=\"elementor-heading-title elementor-size-default\">Creativo\n<br><span>Guardi\u00e1n<\/span><\/h1>\t\t\t\t<\/div>\n\t\t\t\t<\/div>\n\t\t\t\t\t<\/div>\n\t\t\t\t<\/div>\n\t\t<div class=\"elementor-element elementor-element-ae2ce71 e-flex e-con-boxed e-con e-parent\" data-id=\"ae2ce71\" data-element_type=\"container\" data-e-type=\"container\">\n\t\t\t\t\t<div class=\"e-con-inner\">\n\t\t\t\t<div class=\"elementor-element elementor-element-f95cdd4 elementor-widget elementor-widget-text-editor\" data-id=\"f95cdd4\" data-element_type=\"widget\" data-e-type=\"widget\" data-widget_type=\"text-editor.default\">\n\t\t\t\t\t\t\t\t\t<p>Nos dedicamos a proteger la visi\u00f3n creativa de su proyecto.<\/p><p>Como guardi\u00e1n creativo, Falcon&#8217;s se centra en proteger la visi\u00f3n creativa de su proyecto.<\/p><p>Nuestro equipo revisa todos los documentos de dise\u00f1o y asesora a otros profesionales de dise\u00f1o designados por el cliente sobre el mejor enfoque para alcanzar los objetivos creativos del proyecto en general. Trabajamos con su arquitecto y equipo de proyecto designados durante la fase de documentaci\u00f3n de construcci\u00f3n para asegurar que el alcance del proyecto se mantenga en l\u00ednea con la direcci\u00f3n creativa aprobada. Cuando es necesario, nuestro equipo emite anotaciones para clarificar y comunicar la intenci\u00f3n creativa.  <\/p>\t\t\t\t\t\t\t\t<\/div>\n\t\t\t\t\t<\/div>\n\t\t\t\t<\/div>\n\t\t<div class=\"elementor-element elementor-element-e3acb97 e-con-full e-flex elementor-invisible e-con e-parent\" data-id=\"e3acb97\" data-element_type=\"container\" data-e-type=\"container\" data-settings=\"{&quot;background_background&quot;:&quot;classic&quot;,&quot;animation&quot;:&quot;fadeIn&quot;}\">\n\t\t\t\t<div class=\"elementor-element elementor-element-639dd66 elementor-nav-menu__align-center elementor-nav-menu--dropdown-none elementor-widget elementor-widget-nav-menu\" data-id=\"639dd66\" data-element_type=\"widget\" data-e-type=\"widget\" id=\"custom-services-menu\" data-settings=\"{&quot;submenu_icon&quot;:{&quot;value&quot;:&quot;&lt;i aria-hidden=\\&quot;true\\&quot; class=\\&quot;\\&quot;&gt;&lt;\\\/i&gt;&quot;,&quot;library&quot;:&quot;&quot;},&quot;sticky&quot;:&quot;top&quot;,&quot;sticky_offset&quot;:120,&quot;sticky_offset_tablet&quot;:130,&quot;sticky_offset_mobile&quot;:123,&quot;sticky_offset_laptop&quot;:166,&quot;layout&quot;:&quot;horizontal&quot;,&quot;sticky_on&quot;:[&quot;desktop&quot;,&quot;laptop&quot;,&quot;tablet&quot;,&quot;mobile&quot;],&quot;sticky_effects_offset&quot;:0,&quot;sticky_anchor_link_offset&quot;:0}\" data-widget_type=\"nav-menu.default\">\n\t\t\t\t\t\t\t\t<nav aria-label=\"Menu\" class=\"elementor-nav-menu--main elementor-nav-menu__container elementor-nav-menu--layout-horizontal e--pointer-none\">\n\t\t\t\t<ul id=\"menu-1-639dd66\" class=\"elementor-nav-menu\"><li class=\"menu-item menu-item-type-custom menu-item-object-custom menu-item-54870\"><a href=\"#ip-management\" class=\"elementor-item elementor-item-anchor\">Gesti\u00f3n de la Propiedad Intelectual<\/a><\/li>\n<li class=\"menu-item menu-item-type-custom menu-item-object-custom menu-item-54871\"><a href=\"#fabrication-supervision\" class=\"elementor-item elementor-item-anchor\">Supervisi\u00f3n de la Fabricaci\u00f3n<\/a><\/li>\n<li class=\"menu-item menu-item-type-custom menu-item-object-custom menu-item-54872\"><a href=\"#art-direction\" class=\"elementor-item elementor-item-anchor\">Direcci\u00f3n de Arte<\/a><\/li>\n<\/ul>\t\t\t<\/nav>\n\t\t\t\t\t\t<nav class=\"elementor-nav-menu--dropdown elementor-nav-menu__container\" aria-hidden=\"true\">\n\t\t\t\t<ul id=\"menu-2-639dd66\" class=\"elementor-nav-menu\"><li class=\"menu-item menu-item-type-custom menu-item-object-custom menu-item-54870\"><a href=\"#ip-management\" class=\"elementor-item elementor-item-anchor\" tabindex=\"-1\">Gesti\u00f3n de la Propiedad Intelectual<\/a><\/li>\n<li class=\"menu-item menu-item-type-custom menu-item-object-custom menu-item-54871\"><a href=\"#fabrication-supervision\" class=\"elementor-item elementor-item-anchor\" tabindex=\"-1\">Supervisi\u00f3n de la Fabricaci\u00f3n<\/a><\/li>\n<li class=\"menu-item menu-item-type-custom menu-item-object-custom menu-item-54872\"><a href=\"#art-direction\" class=\"elementor-item elementor-item-anchor\" tabindex=\"-1\">Direcci\u00f3n de Arte<\/a><\/li>\n<\/ul>\t\t\t<\/nav>\n\t\t\t\t\t\t<\/div>\n\t\t\t\t<\/div>\n\t\t<div class=\"elementor-element elementor-element-e9c2ddf e-flex e-con-boxed e-con e-parent\" data-id=\"e9c2ddf\" data-element_type=\"container\" data-e-type=\"container\" data-settings=\"{&quot;background_background&quot;:&quot;classic&quot;}\">\n\t\t\t\t\t<div class=\"e-con-inner\">\n\t\t\t\t<div class=\"elementor-element elementor-element-a1a75bb elementor-widget elementor-widget-spacer\" data-id=\"a1a75bb\" data-element_type=\"widget\" data-e-type=\"widget\" data-widget_type=\"spacer.default\">\n\t\t\t\t\t\t\t<div class=\"elementor-spacer\">\n\t\t\t<div class=\"elementor-spacer-inner\"><\/div>\n\t\t<\/div>\n\t\t\t\t\t\t<\/div>\n\t\t\t\t\t<\/div>\n\t\t\t\t<\/div>\n\t\t<div class=\"elementor-element elementor-element-b6292d4 e-con-full e-flex elementor-invisible e-con e-parent\" data-id=\"b6292d4\" data-element_type=\"container\" data-e-type=\"container\" id=\"ip-management\" data-settings=\"{&quot;animation&quot;:&quot;fadeInRight&quot;}\">\n\t\t<div class=\"elementor-element elementor-element-4523e91 e-con-full e-flex e-con e-child\" data-id=\"4523e91\" data-element_type=\"container\" data-e-type=\"container\" data-settings=\"{&quot;background_background&quot;:&quot;classic&quot;}\">\n\t\t\t\t<div class=\"elementor-element elementor-element-f1b31fd elementor-cta--valign-middle elementor-bg-transform elementor-bg-transform-zoom-out elementor-cta--layout-image-right elementor-cta--tablet-layout-image-above services-custom-title elementor-cta--mobile-layout-image-above elementor-cta--skin-classic elementor-animated-content elementor-widget elementor-widget-call-to-action\" data-id=\"f1b31fd\" data-element_type=\"widget\" data-e-type=\"widget\" data-widget_type=\"call-to-action.default\">\n\t\t\t\t\t\t\t<div class=\"elementor-cta\">\n\t\t\t\t\t<div class=\"elementor-cta__bg-wrapper\">\n\t\t\t\t<div class=\"elementor-cta__bg elementor-bg\" style=\"background-image: url(https:\/\/falconscreativegroup.com\/wp-content\/uploads\/2025\/11\/Themed-Retail-and-Restaurants-6-2.jpg);\" role=\"img\" aria-label=\"Comercio-Minorista-y-Restaurantes-Tem\u00e1ticos-6\"><\/div>\n\t\t\t\t<div class=\"elementor-cta__bg-overlay\"><\/div>\n\t\t\t<\/div>\n\t\t\t\t\t\t\t<div class=\"elementor-cta__content\">\n\t\t\t\t\n\t\t\t\t\t\t\t\t\t<h2 class=\"elementor-cta__title elementor-cta__content-item elementor-content-item\">\n\t\t\t\t\t\tGesti\u00f3n de la Propiedad Intelectual\t\t\t\t\t<\/h2>\n\t\t\t\t\n\t\t\t\t\t\t\t\t\t<div class=\"elementor-cta__description elementor-cta__content-item elementor-content-item\">\n\t\t\t\t\t\tLa gesti\u00f3n de la propiedad intelectual comienza mucho antes de la fase de construcci\u00f3n, pero sigue siendo un aspecto significativo de la custodia creativa en el lugar. Dado que servimos de enlace entre el propietario de la propiedad intelectual, los proveedores asignados al proceso de construcci\u00f3n y el desarrollador del proyecto, tenemos una enorme responsabilidad de asegurar la alineaci\u00f3n en todo lo relacionado con la propiedad intelectual de ese proyecto. Adem\u00e1s de las tareas de coordinaci\u00f3n general, mantenemos registros detallados de las aprobaciones, comentarios y\/o modificaciones de la propiedad intelectual, y los problemas de marca. Luego tomamos medidas sobre esos elementos para garantizar que la propiedad intelectual est\u00e9 representada de la mejor manera posible desde el primer d\u00eda.   \t\t\t\t\t<\/div>\n\t\t\t\t\n\t\t\t\t\t\t\t<\/div>\n\t\t\t\t\t\t<\/div>\n\t\t\t\t\t\t<\/div>\n\t\t\t\t<\/div>\n\t\t\t\t<\/div>\n\t\t<div class=\"elementor-element elementor-element-523dc15 e-con-full e-flex elementor-invisible e-con e-parent\" data-id=\"523dc15\" data-element_type=\"container\" data-e-type=\"container\" id=\"fabrication-supervision\" data-settings=\"{&quot;animation&quot;:&quot;fadeInLeft&quot;}\">\n\t\t<div class=\"elementor-element elementor-element-a70c8f5 e-con-full e-flex e-con e-child\" data-id=\"a70c8f5\" data-element_type=\"container\" data-e-type=\"container\">\n\t\t\t\t<div class=\"elementor-element elementor-element-4512237 elementor-cta--valign-middle elementor-bg-transform elementor-bg-transform-zoom-out elementor-cta--layout-image-left elementor-cta--tablet-layout-image-above services-custom-title elementor-cta--mobile-layout-image-above elementor-cta--skin-classic elementor-animated-content elementor-widget elementor-widget-call-to-action\" data-id=\"4512237\" data-element_type=\"widget\" data-e-type=\"widget\" data-widget_type=\"call-to-action.default\">\n\t\t\t\t\t\t\t<div class=\"elementor-cta\">\n\t\t\t\t\t<div class=\"elementor-cta__bg-wrapper\">\n\t\t\t\t<div class=\"elementor-cta__bg elementor-bg\" style=\"background-image: url(https:\/\/falconscreativegroup.com\/wp-content\/uploads\/2025\/11\/Art-Direction-2.jpg);\" role=\"img\" aria-label=\"Direcci\u00f3n-de-Arte-2\"><\/div>\n\t\t\t\t<div class=\"elementor-cta__bg-overlay\"><\/div>\n\t\t\t<\/div>\n\t\t\t\t\t\t\t<div class=\"elementor-cta__content\">\n\t\t\t\t\n\t\t\t\t\t\t\t\t\t<h2 class=\"elementor-cta__title elementor-cta__content-item elementor-content-item\">\n\t\t\t\t\t\tSupervisi\u00f3n de la Fabricaci\u00f3n\t\t\t\t\t<\/h2>\n\t\t\t\t\n\t\t\t\t\t\t\t\t\t<div class=\"elementor-cta__description elementor-cta__content-item elementor-content-item\">\n\t\t\t\t\t\tNuestros procesos y metodolog\u00edas probados en batalla nos permiten ser confiados y eficientes al supervisar a los proveedores de fabricaci\u00f3n. Tener una fuerte conexi\u00f3n con esos especialistas asegura que el riesgo se mitigue y que los dise\u00f1os previstos se materialicen seg\u00fan lo planeado. Como puente entre ellos y sus equipos a lo largo del proyecto, podemos guiar a los fabricantes para evitar posibles problemas mientras maximizamos el valor.  \t\t\t\t\t<\/div>\n\t\t\t\t\n\t\t\t\t\t\t\t<\/div>\n\t\t\t\t\t\t<\/div>\n\t\t\t\t\t\t<\/div>\n\t\t\t\t<\/div>\n\t\t\t\t<\/div>\n\t\t<div class=\"elementor-element elementor-element-e2aa6bd e-con-full e-flex elementor-invisible e-con e-parent\" data-id=\"e2aa6bd\" data-element_type=\"container\" data-e-type=\"container\" id=\"art-direction\" data-settings=\"{&quot;animation&quot;:&quot;fadeInRight&quot;}\">\n\t\t<div class=\"elementor-element elementor-element-890ba56 e-con-full e-flex e-con e-child\" data-id=\"890ba56\" data-element_type=\"container\" data-e-type=\"container\">\n\t\t\t\t<div class=\"elementor-element elementor-element-ed23261 elementor-cta--valign-middle elementor-bg-transform elementor-bg-transform-zoom-out elementor-cta--layout-image-right elementor-cta--tablet-layout-image-above services-custom-title elementor-cta--mobile-layout-image-above elementor-cta--skin-classic elementor-animated-content elementor-widget elementor-widget-call-to-action\" data-id=\"ed23261\" data-element_type=\"widget\" data-e-type=\"widget\" data-widget_type=\"call-to-action.default\">\n\t\t\t\t\t\t\t<div class=\"elementor-cta\">\n\t\t\t\t\t<div class=\"elementor-cta__bg-wrapper\">\n\t\t\t\t<div class=\"elementor-cta__bg elementor-bg\" style=\"background-image: url(https:\/\/falconscreativegroup.com\/wp-content\/uploads\/2025\/11\/Art-Direction-5.jpg);\" role=\"img\" aria-label=\"Direcci\u00f3n-de-Arte-5\"><\/div>\n\t\t\t\t<div class=\"elementor-cta__bg-overlay\"><\/div>\n\t\t\t<\/div>\n\t\t\t\t\t\t\t<div class=\"elementor-cta__content\">\n\t\t\t\t\n\t\t\t\t\t\t\t\t\t<h2 class=\"elementor-cta__title elementor-cta__content-item elementor-content-item\">\n\t\t\t\t\t\tDirecci\u00f3n de Arte\t\t\t\t\t<\/h2>\n\t\t\t\t\n\t\t\t\t\t\t\t\t\t<div class=\"elementor-cta__description elementor-cta__content-item elementor-content-item\">\n\t\t\t\t\t\tNuestros expertos en la materia tienen la tarea de asegurar que la visi\u00f3n creativa se mantenga en la fase de construcci\u00f3n. Un componente importante de esta visi\u00f3n es la propiedad intelectual, y como su guardi\u00e1n creativo y gestor de propiedad intelectual, garantizamos que cada disciplina no solo est\u00e9 involucrada, sino que est\u00e9 completamente informada y comprenda lo que se necesita para que esa propiedad intelectual brille lo m\u00e1s intensamente posible. Estas disciplinas incluyen ilustraci\u00f3n, dise\u00f1o de escenarios, dise\u00f1o conceptual, renderizado, pintura y composici\u00f3n. L\u00edderes talentosos y experimentados gu\u00edan a estos profesionales altamente capacitados para ayudar a convertir ideas en planes, planes en soluciones y soluciones en experiencias de entretenimiento tem\u00e1tico extraordinarias.   \t\t\t\t\t<\/div>\n\t\t\t\t\n\t\t\t\t\t\t\t<\/div>\n\t\t\t\t\t\t<\/div>\n\t\t\t\t\t\t<\/div>\n\t\t\t\t<\/div>\n\t\t\t\t<\/div>\n\t\t\t\t<\/div>\n\t\t","protected":false},"excerpt":{"rendered":"<p>Creativo Guardi\u00e1n Nos dedicamos a proteger la visi\u00f3n creativa de su proyecto. Como guardi\u00e1n creativo, Falcon&#8217;s se centra en proteger la visi\u00f3n creativa de su proyecto. Nuestro equipo revisa todos los documentos de dise\u00f1o y asesora a otros profesionales de dise\u00f1o designados por el cliente sobre el mejor enfoque para alcanzar los objetivos creativos del [&hellip;]<\/p>\n","protected":false},"author":2,"featured_media":0,"parent":50513,"menu_order":0,"comment_status":"closed","ping_status":"closed","template":"","meta":{"_acf_changed":false,"footnotes":""},"class_list":["post-50321","page","type-page","status-publish","hentry"],"acf":[],"yoast_head":"<!-- This site is optimized with the Yoast SEO plugin v27.5 - https:\/\/yoast.com\/product\/yoast-seo-wordpress\/ -->\n<title>Guardi\u00e1n Creativo - Falcon&#039;s Creative Group<\/title>\n<meta name=\"description\" content=\"El Guardi\u00e1n Creativo de Falcon&#039;s protege su visi\u00f3n con revisiones de dise\u00f1o, supervisi\u00f3n de la propiedad intelectual, orientaci\u00f3n en la fabricaci\u00f3n y direcci\u00f3n de arte in situ.\" \/>\n<meta name=\"robots\" content=\"index, follow, max-snippet:-1, max-image-preview:large, max-video-preview:-1\" \/>\n<link rel=\"canonical\" href=\"https:\/\/falconscreativegroup.com\/es\/servicios\/entrega\/guardian-creativo\/\" \/>\n<meta property=\"og:locale\" content=\"es_ES\" \/>\n<meta property=\"og:type\" content=\"article\" \/>\n<meta property=\"og:title\" content=\"Guardi\u00e1n Creativo - Falcon&#039;s Creative Group\" \/>\n<meta property=\"og:description\" content=\"El Guardi\u00e1n Creativo de Falcon&#039;s protege su visi\u00f3n con revisiones de dise\u00f1o, supervisi\u00f3n de la propiedad intelectual, orientaci\u00f3n en la fabricaci\u00f3n y direcci\u00f3n de arte in situ.\" \/>\n<meta property=\"og:url\" content=\"https:\/\/falconscreativegroup.com\/es\/servicios\/entrega\/guardian-creativo\/\" \/>\n<meta property=\"og:site_name\" content=\"Falcon&#039;s Creative Group\" \/>\n<meta property=\"article:publisher\" content=\"https:\/\/www.facebook.com\/falconscreativegroup\/\" \/>\n<meta property=\"article:modified_time\" content=\"2026-03-26T15:21:51+00:00\" \/>\n<meta property=\"og:image\" content=\"https:\/\/falconscreativegroup.com\/wp-content\/uploads\/2021\/02\/Master-Planning-Header-1024x431.jpg\" \/>\n<meta name=\"twitter:card\" content=\"summary_large_image\" \/>\n<meta name=\"twitter:site\" content=\"@falconscg\" \/>\n<meta name=\"twitter:label1\" content=\"Tiempo de lectura\" \/>\n\t<meta name=\"twitter:data1\" content=\"2 minutos\" \/>\n<script type=\"application\/ld+json\" class=\"yoast-schema-graph\">{\"@context\":\"https:\\\/\\\/schema.org\",\"@graph\":[{\"@type\":\"WebPage\",\"@id\":\"https:\\\/\\\/falconscreativegroup.com\\\/es\\\/servicios\\\/entrega\\\/guardian-creativo\\\/\",\"url\":\"https:\\\/\\\/falconscreativegroup.com\\\/es\\\/servicios\\\/entrega\\\/guardian-creativo\\\/\",\"name\":\"Guardi\u00e1n Creativo - Falcon&#039;s Creative Group\",\"isPartOf\":{\"@id\":\"https:\\\/\\\/falconscreativegroup.com\\\/es\\\/#website\"},\"datePublished\":\"2025-10-30T18:41:58+00:00\",\"dateModified\":\"2026-03-26T15:21:51+00:00\",\"description\":\"El Guardi\u00e1n Creativo de Falcon's protege su visi\u00f3n con revisiones de dise\u00f1o, supervisi\u00f3n de la propiedad intelectual, orientaci\u00f3n en la fabricaci\u00f3n y direcci\u00f3n de arte in situ.\",\"breadcrumb\":{\"@id\":\"https:\\\/\\\/falconscreativegroup.com\\\/es\\\/servicios\\\/entrega\\\/guardian-creativo\\\/#breadcrumb\"},\"inLanguage\":\"es\",\"potentialAction\":[{\"@type\":\"ReadAction\",\"target\":[\"https:\\\/\\\/falconscreativegroup.com\\\/es\\\/servicios\\\/entrega\\\/guardian-creativo\\\/\"]}]},{\"@type\":\"BreadcrumbList\",\"@id\":\"https:\\\/\\\/falconscreativegroup.com\\\/es\\\/servicios\\\/entrega\\\/guardian-creativo\\\/#breadcrumb\",\"itemListElement\":[{\"@type\":\"ListItem\",\"position\":1,\"name\":\"Home\",\"item\":\"https:\\\/\\\/falconscreativegroup.com\\\/es\\\/inicio\\\/\"},{\"@type\":\"ListItem\",\"position\":2,\"name\":\"Servicios\",\"item\":\"https:\\\/\\\/falconscreativegroup.com\\\/es\\\/servicios\\\/\"},{\"@type\":\"ListItem\",\"position\":3,\"name\":\"Entrega\",\"item\":\"https:\\\/\\\/falconscreativegroup.com\\\/es\\\/servicios\\\/entrega\\\/\"},{\"@type\":\"ListItem\",\"position\":4,\"name\":\"Guardi\u00e1n Creativo\"}]},{\"@type\":\"WebSite\",\"@id\":\"https:\\\/\\\/falconscreativegroup.com\\\/es\\\/#website\",\"url\":\"https:\\\/\\\/falconscreativegroup.com\\\/es\\\/\",\"name\":\"Falcon's Creative Group\",\"description\":\"\",\"publisher\":{\"@id\":\"https:\\\/\\\/falconscreativegroup.com\\\/es\\\/#organization\"},\"potentialAction\":[{\"@type\":\"SearchAction\",\"target\":{\"@type\":\"EntryPoint\",\"urlTemplate\":\"https:\\\/\\\/falconscreativegroup.com\\\/es\\\/?s={search_term_string}\"},\"query-input\":{\"@type\":\"PropertyValueSpecification\",\"valueRequired\":true,\"valueName\":\"search_term_string\"}}],\"inLanguage\":\"es\"},{\"@type\":\"Organization\",\"@id\":\"https:\\\/\\\/falconscreativegroup.com\\\/es\\\/#organization\",\"name\":\"Falcon's Creative Group\",\"url\":\"https:\\\/\\\/falconscreativegroup.com\\\/es\\\/\",\"logo\":{\"@type\":\"ImageObject\",\"inLanguage\":\"es\",\"@id\":\"https:\\\/\\\/falconscreativegroup.com\\\/es\\\/#\\\/schema\\\/logo\\\/image\\\/\",\"url\":\"https:\\\/\\\/falconscreativegroup.com\\\/wp-content\\\/uploads\\\/2026\\\/01\\\/fcg_animLogo_option03_v003.gif\",\"contentUrl\":\"https:\\\/\\\/falconscreativegroup.com\\\/wp-content\\\/uploads\\\/2026\\\/01\\\/fcg_animLogo_option03_v003.gif\",\"width\":1080,\"height\":1080,\"caption\":\"Falcon's Creative Group\"},\"image\":{\"@id\":\"https:\\\/\\\/falconscreativegroup.com\\\/es\\\/#\\\/schema\\\/logo\\\/image\\\/\"},\"sameAs\":[\"https:\\\/\\\/www.facebook.com\\\/falconscreativegroup\\\/\",\"https:\\\/\\\/x.com\\\/falconscg\",\"https:\\\/\\\/www.instagram.com\\\/falconscg\\\/\",\"https:\\\/\\\/www.linkedin.com\\\/company\\\/falcon's-treehouse-llc\",\"https:\\\/\\\/www.youtube.com\\\/channel\\\/UCvXL3cwgzcjREbjtqRv-aFA\",\"https:\\\/\\\/en.wikipedia.org\\\/wiki\\\/Falcon's_Treehouse\"]}]}<\/script>\n<!-- \/ Yoast SEO plugin. -->","yoast_head_json":{"title":"Guardi\u00e1n Creativo - Falcon&#039;s Creative Group","description":"El Guardi\u00e1n Creativo de Falcon's protege su visi\u00f3n con revisiones de dise\u00f1o, supervisi\u00f3n de la propiedad intelectual, orientaci\u00f3n en la fabricaci\u00f3n y direcci\u00f3n de arte in situ.","robots":{"index":"index","follow":"follow","max-snippet":"max-snippet:-1","max-image-preview":"max-image-preview:large","max-video-preview":"max-video-preview:-1"},"canonical":"https:\/\/falconscreativegroup.com\/es\/servicios\/entrega\/guardian-creativo\/","og_locale":"es_ES","og_type":"article","og_title":"Guardi\u00e1n Creativo - Falcon&#039;s Creative Group","og_description":"El Guardi\u00e1n Creativo de Falcon's protege su visi\u00f3n con revisiones de dise\u00f1o, supervisi\u00f3n de la propiedad intelectual, orientaci\u00f3n en la fabricaci\u00f3n y direcci\u00f3n de arte in situ.","og_url":"https:\/\/falconscreativegroup.com\/es\/servicios\/entrega\/guardian-creativo\/","og_site_name":"Falcon&#039;s Creative Group","article_publisher":"https:\/\/www.facebook.com\/falconscreativegroup\/","article_modified_time":"2026-03-26T15:21:51+00:00","og_image":[{"url":"https:\/\/falconscreativegroup.com\/wp-content\/uploads\/2021\/02\/Master-Planning-Header-1024x431.jpg","type":"","width":"","height":""}],"twitter_card":"summary_large_image","twitter_site":"@falconscg","twitter_misc":{"Tiempo de lectura":"2 minutos"},"schema":{"@context":"https:\/\/schema.org","@graph":[{"@type":"WebPage","@id":"https:\/\/falconscreativegroup.com\/es\/servicios\/entrega\/guardian-creativo\/","url":"https:\/\/falconscreativegroup.com\/es\/servicios\/entrega\/guardian-creativo\/","name":"Guardi\u00e1n Creativo - Falcon&#039;s Creative Group","isPartOf":{"@id":"https:\/\/falconscreativegroup.com\/es\/#website"},"datePublished":"2025-10-30T18:41:58+00:00","dateModified":"2026-03-26T15:21:51+00:00","description":"El Guardi\u00e1n Creativo de Falcon's protege su visi\u00f3n con revisiones de dise\u00f1o, supervisi\u00f3n de la propiedad intelectual, orientaci\u00f3n en la fabricaci\u00f3n y direcci\u00f3n de arte in situ.","breadcrumb":{"@id":"https:\/\/falconscreativegroup.com\/es\/servicios\/entrega\/guardian-creativo\/#breadcrumb"},"inLanguage":"es","potentialAction":[{"@type":"ReadAction","target":["https:\/\/falconscreativegroup.com\/es\/servicios\/entrega\/guardian-creativo\/"]}]},{"@type":"BreadcrumbList","@id":"https:\/\/falconscreativegroup.com\/es\/servicios\/entrega\/guardian-creativo\/#breadcrumb","itemListElement":[{"@type":"ListItem","position":1,"name":"Home","item":"https:\/\/falconscreativegroup.com\/es\/inicio\/"},{"@type":"ListItem","position":2,"name":"Servicios","item":"https:\/\/falconscreativegroup.com\/es\/servicios\/"},{"@type":"ListItem","position":3,"name":"Entrega","item":"https:\/\/falconscreativegroup.com\/es\/servicios\/entrega\/"},{"@type":"ListItem","position":4,"name":"Guardi\u00e1n Creativo"}]},{"@type":"WebSite","@id":"https:\/\/falconscreativegroup.com\/es\/#website","url":"https:\/\/falconscreativegroup.com\/es\/","name":"Falcon's Creative Group","description":"","publisher":{"@id":"https:\/\/falconscreativegroup.com\/es\/#organization"},"potentialAction":[{"@type":"SearchAction","target":{"@type":"EntryPoint","urlTemplate":"https:\/\/falconscreativegroup.com\/es\/?s={search_term_string}"},"query-input":{"@type":"PropertyValueSpecification","valueRequired":true,"valueName":"search_term_string"}}],"inLanguage":"es"},{"@type":"Organization","@id":"https:\/\/falconscreativegroup.com\/es\/#organization","name":"Falcon's Creative Group","url":"https:\/\/falconscreativegroup.com\/es\/","logo":{"@type":"ImageObject","inLanguage":"es","@id":"https:\/\/falconscreativegroup.com\/es\/#\/schema\/logo\/image\/","url":"https:\/\/falconscreativegroup.com\/wp-content\/uploads\/2026\/01\/fcg_animLogo_option03_v003.gif","contentUrl":"https:\/\/falconscreativegroup.com\/wp-content\/uploads\/2026\/01\/fcg_animLogo_option03_v003.gif","width":1080,"height":1080,"caption":"Falcon's Creative Group"},"image":{"@id":"https:\/\/falconscreativegroup.com\/es\/#\/schema\/logo\/image\/"},"sameAs":["https:\/\/www.facebook.com\/falconscreativegroup\/","https:\/\/x.com\/falconscg","https:\/\/www.instagram.com\/falconscg\/","https:\/\/www.linkedin.com\/company\/falcon's-treehouse-llc","https:\/\/www.youtube.com\/channel\/UCvXL3cwgzcjREbjtqRv-aFA","https:\/\/en.wikipedia.org\/wiki\/Falcon's_Treehouse"]}]}},"_links":{"self":[{"href":"https:\/\/falconscreativegroup.com\/es\/wp-json\/wp\/v2\/pages\/50321","targetHints":{"allow":["GET"]}}],"collection":[{"href":"https:\/\/falconscreativegroup.com\/es\/wp-json\/wp\/v2\/pages"}],"about":[{"href":"https:\/\/falconscreativegroup.com\/es\/wp-json\/wp\/v2\/types\/page"}],"author":[{"embeddable":true,"href":"https:\/\/falconscreativegroup.com\/es\/wp-json\/wp\/v2\/users\/2"}],"replies":[{"embeddable":true,"href":"https:\/\/falconscreativegroup.com\/es\/wp-json\/wp\/v2\/comments?post=50321"}],"version-history":[{"count":1,"href":"https:\/\/falconscreativegroup.com\/es\/wp-json\/wp\/v2\/pages\/50321\/revisions"}],"predecessor-version":[{"id":50328,"href":"https:\/\/falconscreativegroup.com\/es\/wp-json\/wp\/v2\/pages\/50321\/revisions\/50328"}],"up":[{"embeddable":true,"href":"https:\/\/falconscreativegroup.com\/es\/wp-json\/wp\/v2\/pages\/50513"}],"wp:attachment":[{"href":"https:\/\/falconscreativegroup.com\/es\/wp-json\/wp\/v2\/media?parent=50321"}],"curies":[{"name":"wp","href":"https:\/\/api.w.org\/{rel}","templated":true}]}}