{"id":50513,"date":"2025-10-30T15:20:23","date_gmt":"2025-10-30T15:20:23","guid":{"rendered":"https:\/\/falconscreativegroup.com\/entrega\/"},"modified":"2026-03-26T15:23:42","modified_gmt":"2026-03-26T15:23:42","slug":"entrega","status":"publish","type":"page","link":"https:\/\/falconscreativegroup.com\/es\/servicios\/entrega\/","title":{"rendered":"Entrega"},"content":{"rendered":"\t\t<div data-elementor-type=\"wp-page\" data-elementor-id=\"50513\" class=\"elementor elementor-50513 elementor-43125\" data-elementor-post-type=\"page\">\n\t\t\t\t<div class=\"elementor-element elementor-element-c21ff52 e-flex e-con-boxed e-con e-parent\" data-id=\"c21ff52\" data-element_type=\"container\" data-e-type=\"container\" data-settings=\"{&quot;background_background&quot;:&quot;classic&quot;}\">\n\t\t\t\t\t<div class=\"e-con-inner\">\n\t\t<div class=\"elementor-element elementor-element-36e3ac3 e-con-full e-flex elementor-invisible e-con e-child\" data-id=\"36e3ac3\" data-element_type=\"container\" data-e-type=\"container\" data-settings=\"{&quot;animation&quot;:&quot;fadeInLeft&quot;}\">\n\t\t\t\t<div class=\"elementor-element elementor-element-cecaf27 service-main-title elementor-widget elementor-widget-heading\" data-id=\"cecaf27\" data-element_type=\"widget\" data-e-type=\"widget\" data-widget_type=\"heading.default\">\n\t\t\t\t\t<h1 class=\"elementor-heading-title elementor-size-default\">Entrega<\/h1>\t\t\t\t<\/div>\n\t\t\t\t<\/div>\n\t\t\t\t\t<\/div>\n\t\t\t\t<\/div>\n\t\t<div class=\"elementor-element elementor-element-af9603e e-flex e-con-boxed e-con e-parent\" data-id=\"af9603e\" data-element_type=\"container\" data-e-type=\"container\">\n\t\t\t\t\t<div class=\"e-con-inner\">\n\t\t\t\t<div class=\"elementor-element elementor-element-a627f4b elementor-widget elementor-widget-text-editor\" data-id=\"a627f4b\" data-element_type=\"widget\" data-e-type=\"widget\" data-widget_type=\"text-editor.default\">\n\t\t\t\t\t\t\t\t\t<p>Como parte de una soluci\u00f3n llave en mano, Falcon\u2019s cuenta con expertos que han ayudado a abrir las puertas de decenas y decenas de experiencias de entretenimiento tem\u00e1tico.<\/p>\t\t\t\t\t\t\t\t<\/div>\n\t\t\t\t<div class=\"elementor-element elementor-element-6351ae1 elementor-widget elementor-widget-text-editor\" data-id=\"6351ae1\" data-element_type=\"widget\" data-e-type=\"widget\" data-widget_type=\"text-editor.default\">\n\t\t\t\t\t\t\t\t\t<p>Cuando le entusiasma abrir nuevos mundos a los visitantes, hay muchas preguntas creativas que desea responder. A veces no quiere pensar en la obtenci\u00f3n de permisos, la gesti\u00f3n de proveedores o en garantizar que todo se instale seg\u00fan las especificaciones. Ah\u00ed es donde podemos ayudar. Como parte de nuestro servicio de entrega, nos aseguramos de que las ideas se materialicen de forma segura, eficaz y eficiente, respetando el concepto, la historia y la propiedad intelectual.   <\/p>\t\t\t\t\t\t\t\t<\/div>\n\t\t\t\t\t<\/div>\n\t\t\t\t<\/div>\n\t\t<div class=\"elementor-element elementor-element-9fa8dab e-con-full e-flex e-con e-parent\" data-id=\"9fa8dab\" data-element_type=\"container\" data-e-type=\"container\">\n\t\t<div class=\"elementor-element elementor-element-02b0390 e-con-full e-flex e-con e-child\" data-id=\"02b0390\" data-element_type=\"container\" data-e-type=\"container\">\n\t\t\t\t<div class=\"elementor-element elementor-element-c8ca16e elementor-cta--skin-cover elementor-animated-content elementor-bg-transform elementor-bg-transform-zoom-in elementor-widget elementor-widget-call-to-action\" data-id=\"c8ca16e\" data-element_type=\"widget\" data-e-type=\"widget\" data-widget_type=\"call-to-action.default\">\n\t\t\t\t\t\t\t<a class=\"elementor-cta\" href=\"https:\/\/falconscreativegroup.com\/es\/entrega\/produccion-ejecutiva\/\">\n\t\t\t\t\t<div class=\"elementor-cta__bg-wrapper\">\n\t\t\t\t<div class=\"elementor-cta__bg elementor-bg\" style=\"background-image: url(https:\/\/falconscreativegroup.com\/wp-content\/uploads\/2025\/11\/Emily-S.-at-Falcons-1024x576.jpeg);\" role=\"img\" aria-label=\"Emily-S.-at-Falcons\"><\/div>\n\t\t\t\t<div class=\"elementor-cta__bg-overlay\"><\/div>\n\t\t\t<\/div>\n\t\t\t\t\t\t\t<div class=\"elementor-cta__content\">\n\t\t\t\t\n\t\t\t\t\t\t\t\t\t<h2 class=\"elementor-cta__title elementor-cta__content-item elementor-content-item elementor-animated-item--grow\">\n\t\t\t\t\t\tProducci\u00f3n<br><b>ejecutiva<\/b>\t\t\t\t\t<\/h2>\n\t\t\t\t\n\t\t\t\t\n\t\t\t\t\t\t\t<\/div>\n\t\t\t\t\t\t<\/a>\n\t\t\t\t\t\t<\/div>\n\t\t\t\t<\/div>\n\t\t<div class=\"elementor-element elementor-element-d0cd069 e-con-full e-flex e-con e-child\" data-id=\"d0cd069\" data-element_type=\"container\" data-e-type=\"container\">\n\t\t\t\t<div class=\"elementor-element elementor-element-1fdd14e elementor-cta--skin-cover elementor-animated-content elementor-bg-transform elementor-bg-transform-zoom-in elementor-widget elementor-widget-call-to-action\" data-id=\"1fdd14e\" data-element_type=\"widget\" data-e-type=\"widget\" data-widget_type=\"call-to-action.default\">\n\t\t\t\t\t\t\t<a class=\"elementor-cta\" href=\"https:\/\/falconscreativegroup.com\/es\/entrega\/guardian-creativo\/\">\n\t\t\t\t\t<div class=\"elementor-cta__bg-wrapper\">\n\t\t\t\t<div class=\"elementor-cta__bg elementor-bg\" style=\"background-image: url(https:\/\/falconscreativegroup.com\/wp-content\/uploads\/2025\/11\/Creative-Guardian-7-1-1024x576.jpg);\" role=\"img\" aria-label=\"Creative-Guardian-7\"><\/div>\n\t\t\t\t<div class=\"elementor-cta__bg-overlay\"><\/div>\n\t\t\t<\/div>\n\t\t\t\t\t\t\t<div class=\"elementor-cta__content\">\n\t\t\t\t\n\t\t\t\t\t\t\t\t\t<h2 class=\"elementor-cta__title elementor-cta__content-item elementor-content-item elementor-animated-item--grow\">\n\t\t\t\t\t\tCustodio<br><b>creativo<\/b>\t\t\t\t\t<\/h2>\n\t\t\t\t\n\t\t\t\t\n\t\t\t\t\t\t\t<\/div>\n\t\t\t\t\t\t<\/a>\n\t\t\t\t\t\t<\/div>\n\t\t\t\t<\/div>\n\t\t\t\t<\/div>\n\t\t<div class=\"elementor-element elementor-element-2147266 e-con-full e-flex e-con e-parent\" data-id=\"2147266\" data-element_type=\"container\" data-e-type=\"container\">\n\t\t<div class=\"elementor-element elementor-element-1fbc5b0 e-con-full e-flex e-con e-child\" data-id=\"1fbc5b0\" data-element_type=\"container\" data-e-type=\"container\">\n\t\t\t\t<div class=\"elementor-element elementor-element-b6f7eb1 elementor-cta--skin-cover elementor-animated-content elementor-bg-transform elementor-bg-transform-zoom-in elementor-widget elementor-widget-call-to-action\" data-id=\"b6f7eb1\" data-element_type=\"widget\" data-e-type=\"widget\" data-widget_type=\"call-to-action.default\">\n\t\t\t\t\t\t\t<a class=\"elementor-cta\" href=\"https:\/\/falconscreativegroup.com\/es\/entrega\/supervision-in-situ\/\">\n\t\t\t\t\t<div class=\"elementor-cta__bg-wrapper\">\n\t\t\t\t<div class=\"elementor-cta__bg elementor-bg\" style=\"background-image: url(https:\/\/falconscreativegroup.com\/wp-content\/uploads\/2025\/11\/Creative-Guardian-Blog-Featured-1024x512.jpg);\" role=\"img\" aria-label=\"Creative-Guardian-Blog-Featured\"><\/div>\n\t\t\t\t<div class=\"elementor-cta__bg-overlay\"><\/div>\n\t\t\t<\/div>\n\t\t\t\t\t\t\t<div class=\"elementor-cta__content\">\n\t\t\t\t\n\t\t\t\t\t\t\t\t\t<h2 class=\"elementor-cta__title elementor-cta__content-item elementor-content-item elementor-animated-item--grow\">\n\t\t\t\t\t\tSupervisi\u00f3n<br><b>in situ<\/b>\t\t\t\t\t<\/h2>\n\t\t\t\t\n\t\t\t\t\n\t\t\t\t\t\t\t<\/div>\n\t\t\t\t\t\t<\/a>\n\t\t\t\t\t\t<\/div>\n\t\t\t\t<\/div>\n\t\t\t\t<\/div>\n\t\t<div class=\"elementor-element elementor-element-98211b1 e-flex e-con-boxed e-con e-parent\" data-id=\"98211b1\" data-element_type=\"container\" data-e-type=\"container\" data-settings=\"{&quot;background_background&quot;:&quot;classic&quot;}\">\n\t\t\t\t\t<div class=\"e-con-inner\">\n\t\t<div class=\"elementor-element elementor-element-1abd33b e-con-full e-flex e-con e-child\" data-id=\"1abd33b\" data-element_type=\"container\" data-e-type=\"container\">\n\t\t\t\t<div class=\"elementor-element elementor-element-2cb4319 elementor-widget elementor-widget-heading\" data-id=\"2cb4319\" data-element_type=\"widget\" data-e-type=\"widget\" data-widget_type=\"heading.default\">\n\t\t\t\t\t<h2 class=\"elementor-heading-title elementor-size-default\">\u00bfLe interesan nuestros servicios de entrega?<\/h2>\t\t\t\t<\/div>\n\t\t\t\t<div class=\"elementor-element elementor-element-cc61aca elementor-widget elementor-widget-text-editor\" data-id=\"cc61aca\" data-element_type=\"widget\" data-e-type=\"widget\" data-widget_type=\"text-editor.default\">\n\t\t\t\t\t\t\t\t\t<p>Env\u00edenos un mensaje sobre su proyecto y nos pondremos en contacto con usted lo antes posible.<\/p>\t\t\t\t\t\t\t\t<\/div>\n\t\t\t\t<div class=\"elementor-element elementor-element-8b1b056 elementor-button-align-end elementor-mobile-button-align-start elementor-widget elementor-widget-form\" data-id=\"8b1b056\" data-element_type=\"widget\" data-e-type=\"widget\" data-settings=\"{&quot;step_next_label&quot;:&quot;Siguiente&quot;,&quot;step_previous_label&quot;:&quot;Anterior&quot;,&quot;button_width&quot;:&quot;100&quot;,&quot;step_type&quot;:&quot;number_text&quot;,&quot;step_icon_shape&quot;:&quot;circle&quot;}\" data-widget_type=\"form.default\">\n\t\t\t\t\t\t\t<form class=\"elementor-form\" method=\"post\" id=\"falconscreativegroupform\" name=\"Formulario de servicios de entrega de Falcons Creative Group\" aria-label=\"Formulario de servicios de entrega de Falcons Creative Group\">\n\t\t\t<input type=\"hidden\" name=\"post_id\" value=\"50513\"\/>\n\t\t\t<input type=\"hidden\" name=\"form_id\" value=\"8b1b056\"\/>\n\t\t\t<input type=\"hidden\" name=\"referer_title\" value=\"Entrega - Falcon&#039;s Creative Group\" \/>\n\n\t\t\t\t\t\t\t<input type=\"hidden\" name=\"queried_id\" value=\"50513\"\/>\n\t\t\t\n\t\t\t<div class=\"elementor-form-fields-wrapper elementor-labels-\">\n\t\t\t\t\t\t\t\t<div class=\"elementor-field-type-text elementor-field-group elementor-column elementor-field-group-name elementor-col-50 elementor-field-required\">\n\t\t\t\t\t\t\t\t\t\t\t\t<label for=\"form-field-name\" class=\"elementor-field-label elementor-screen-only\">\n\t\t\t\t\t\t\t\tNombre\t\t\t\t\t\t\t<\/label>\n\t\t\t\t\t\t\t\t\t\t\t\t\t\t<input size=\"1\" type=\"text\" name=\"form_fields[name]\" id=\"form-field-name\" class=\"elementor-field elementor-size-sm  elementor-field-textual\" placeholder=\"Su nombre*\" required=\"required\">\n\t\t\t\t\t\t\t\t\t\t\t<\/div>\n\t\t\t\t\t\t\t\t<div class=\"elementor-field-type-email elementor-field-group elementor-column elementor-field-group-email elementor-col-50 elementor-field-required\">\n\t\t\t\t\t\t\t\t\t\t\t\t<label for=\"form-field-email\" class=\"elementor-field-label elementor-screen-only\">\n\t\t\t\t\t\t\t\tDirecci\u00f3n de correo electr\u00f3nico\t\t\t\t\t\t\t<\/label>\n\t\t\t\t\t\t\t\t\t\t\t\t\t\t<input size=\"1\" type=\"email\" name=\"form_fields[email]\" id=\"form-field-email\" class=\"elementor-field elementor-size-sm  elementor-field-textual\" placeholder=\"Su correo electr\u00f3nico*\" required=\"required\">\n\t\t\t\t\t\t\t\t\t\t\t<\/div>\n\t\t\t\t\t\t\t\t<div class=\"elementor-field-type-text elementor-field-group elementor-column elementor-field-group-company elementor-col-100\">\n\t\t\t\t\t\t\t\t\t\t\t\t<label for=\"form-field-company\" class=\"elementor-field-label elementor-screen-only\">\n\t\t\t\t\t\t\t\tNombre de la empresa\t\t\t\t\t\t\t<\/label>\n\t\t\t\t\t\t\t\t\t\t\t\t\t\t<input size=\"1\" type=\"text\" name=\"form_fields[company]\" id=\"form-field-company\" class=\"elementor-field elementor-size-sm  elementor-field-textual\" placeholder=\"Nombre de la empresa\">\n\t\t\t\t\t\t\t\t\t\t\t<\/div>\n\t\t\t\t\t\t\t\t<div class=\"elementor-field-type-textarea elementor-field-group elementor-column elementor-field-group-message elementor-col-100 elementor-field-required\">\n\t\t\t\t\t\t\t\t\t\t\t\t<label for=\"form-field-message\" class=\"elementor-field-label elementor-screen-only\">\n\t\t\t\t\t\t\t\tMensaje\t\t\t\t\t\t\t<\/label>\n\t\t\t\t\t\t<textarea class=\"elementor-field-textual elementor-field  elementor-size-sm\" name=\"form_fields[message]\" id=\"form-field-message\" rows=\"4\" placeholder=\"Cu\u00e9ntenos c\u00f3mo podemos ayudarle*  \" required=\"required\"><\/textarea>\t\t\t\t<\/div>\n\t\t\t\t\t\t\t\t<div class=\"elementor-field-type-checkbox elementor-field-group elementor-column elementor-field-group-subscribe elementor-col-100\">\n\t\t\t\t\t\t\t\t\t\t\t\t<label for=\"form-field-subscribe\" class=\"elementor-field-label elementor-screen-only\">\n\t\t\t\t\t\t\t\tSuscribirse al bolet\u00edn de Falcon's\t\t\t\t\t\t\t<\/label>\n\t\t\t\t\t\t<div class=\"elementor-field-subgroup  \"><span class=\"elementor-field-option\"><input type=\"checkbox\" value=\"Suscribirse al bolet\u00edn de Falcon&#039;s\" id=\"form-field-subscribe-0\" name=\"form_fields[subscribe]\"> <label for=\"form-field-subscribe-0\">Suscribirse al bolet\u00edn de Falcon's<\/label><\/span><\/div>\t\t\t\t<\/div>\n\t\t\t\t\t\t\t\t<div class=\"elementor-field-type-recaptcha_v3 elementor-field-group elementor-column elementor-field-group-field_7115bcb elementor-col-100 recaptcha_v3-inline\">\n\t\t\t\t\t<div class=\"elementor-field\" id=\"form-field-field_7115bcb\"><div class=\"elementor-g-recaptcha\" data-sitekey=\"6LdoQEEsAAAAAPdYW4XsPHhK-Iy8AQIg87jrkGl1\" data-type=\"v3\" data-action=\"Form\" data-badge=\"inline\" data-size=\"invisible\"><\/div><\/div>\t\t\t\t<\/div>\n\t\t\t\t\t\t\t\t<div class=\"elementor-field-group elementor-column elementor-field-type-submit elementor-col-100 e-form__buttons\">\n\t\t\t\t\t<button class=\"elementor-button elementor-size-md elementor-animation-sink\" type=\"submit\">\n\t\t\t\t\t\t<span class=\"elementor-button-content-wrapper\">\n\t\t\t\t\t\t\t\t\t\t\t\t\t\t\t\t\t\t\t\t\t\t<span class=\"elementor-button-text\">Enviar mensaje<\/span>\n\t\t\t\t\t\t\t\t\t\t\t\t\t<\/span>\n\t\t\t\t\t<\/button>\n\t\t\t\t<\/div>\n\t\t\t<\/div>\n\t\t<\/form>\n\t\t\t\t\t\t<\/div>\n\t\t\t\t<\/div>\n\t\t\t\t\t<\/div>\n\t\t\t\t<\/div>\n\t\t\t\t<\/div>\n\t\t","protected":false},"excerpt":{"rendered":"<p>Entrega Como parte de una soluci\u00f3n llave en mano, Falcon\u2019s cuenta con expertos que han ayudado a abrir las puertas de decenas y decenas de experiencias de entretenimiento tem\u00e1tico. Cuando le entusiasma abrir nuevos mundos a los visitantes, hay muchas preguntas creativas que desea responder. A veces no quiere pensar en la obtenci\u00f3n de permisos, [&hellip;]<\/p>\n","protected":false},"author":2,"featured_media":0,"parent":50623,"menu_order":0,"comment_status":"closed","ping_status":"closed","template":"","meta":{"_acf_changed":false,"footnotes":""},"class_list":["post-50513","page","type-page","status-publish","hentry"],"acf":[],"yoast_head":"<!-- This site is optimized with the Yoast SEO plugin v27.5 - https:\/\/yoast.com\/product\/yoast-seo-wordpress\/ -->\n<title>Entrega - Falcon&#039;s Creative Group<\/title>\n<meta name=\"description\" content=\"Falcon\u2019s Delivery gestiona permisos, proveedores e instalaci\u00f3n, dando vida a experiencias inmersivas de forma segura, eficiente y alineada con la marca.\" \/>\n<meta name=\"robots\" content=\"index, follow, max-snippet:-1, max-image-preview:large, max-video-preview:-1\" \/>\n<link rel=\"canonical\" href=\"https:\/\/falconscreativegroup.com\/es\/servicios\/entrega\/\" \/>\n<meta property=\"og:locale\" content=\"es_ES\" \/>\n<meta property=\"og:type\" content=\"article\" \/>\n<meta property=\"og:title\" content=\"Entrega - Falcon&#039;s Creative Group\" \/>\n<meta property=\"og:description\" content=\"Falcon\u2019s Delivery gestiona permisos, proveedores e instalaci\u00f3n, dando vida a experiencias inmersivas de forma segura, eficiente y alineada con la marca.\" \/>\n<meta property=\"og:url\" content=\"https:\/\/falconscreativegroup.com\/es\/servicios\/entrega\/\" \/>\n<meta property=\"og:site_name\" content=\"Falcon&#039;s Creative Group\" \/>\n<meta property=\"article:publisher\" content=\"https:\/\/www.facebook.com\/falconscreativegroup\/\" \/>\n<meta property=\"article:modified_time\" content=\"2026-03-26T15:23:42+00:00\" \/>\n<meta name=\"twitter:card\" content=\"summary_large_image\" \/>\n<meta name=\"twitter:site\" content=\"@falconscg\" \/>\n<meta name=\"twitter:label1\" content=\"Tiempo de lectura\" \/>\n\t<meta name=\"twitter:data1\" content=\"1 minuto\" \/>\n<script type=\"application\/ld+json\" class=\"yoast-schema-graph\">{\"@context\":\"https:\\\/\\\/schema.org\",\"@graph\":[{\"@type\":\"WebPage\",\"@id\":\"https:\\\/\\\/falconscreativegroup.com\\\/es\\\/servicios\\\/entrega\\\/\",\"url\":\"https:\\\/\\\/falconscreativegroup.com\\\/es\\\/servicios\\\/entrega\\\/\",\"name\":\"Entrega - Falcon&#039;s Creative Group\",\"isPartOf\":{\"@id\":\"https:\\\/\\\/falconscreativegroup.com\\\/es\\\/#website\"},\"datePublished\":\"2025-10-30T15:20:23+00:00\",\"dateModified\":\"2026-03-26T15:23:42+00:00\",\"description\":\"Falcon\u2019s Delivery gestiona permisos, proveedores e instalaci\u00f3n, dando vida a experiencias inmersivas de forma segura, eficiente y alineada con la marca.\",\"breadcrumb\":{\"@id\":\"https:\\\/\\\/falconscreativegroup.com\\\/es\\\/servicios\\\/entrega\\\/#breadcrumb\"},\"inLanguage\":\"es\",\"potentialAction\":[{\"@type\":\"ReadAction\",\"target\":[\"https:\\\/\\\/falconscreativegroup.com\\\/es\\\/servicios\\\/entrega\\\/\"]}]},{\"@type\":\"BreadcrumbList\",\"@id\":\"https:\\\/\\\/falconscreativegroup.com\\\/es\\\/servicios\\\/entrega\\\/#breadcrumb\",\"itemListElement\":[{\"@type\":\"ListItem\",\"position\":1,\"name\":\"Home\",\"item\":\"https:\\\/\\\/falconscreativegroup.com\\\/es\\\/inicio\\\/\"},{\"@type\":\"ListItem\",\"position\":2,\"name\":\"Servicios\",\"item\":\"https:\\\/\\\/falconscreativegroup.com\\\/es\\\/servicios\\\/\"},{\"@type\":\"ListItem\",\"position\":3,\"name\":\"Entrega\"}]},{\"@type\":\"WebSite\",\"@id\":\"https:\\\/\\\/falconscreativegroup.com\\\/es\\\/#website\",\"url\":\"https:\\\/\\\/falconscreativegroup.com\\\/es\\\/\",\"name\":\"Falcon's Creative Group\",\"description\":\"\",\"publisher\":{\"@id\":\"https:\\\/\\\/falconscreativegroup.com\\\/es\\\/#organization\"},\"potentialAction\":[{\"@type\":\"SearchAction\",\"target\":{\"@type\":\"EntryPoint\",\"urlTemplate\":\"https:\\\/\\\/falconscreativegroup.com\\\/es\\\/?s={search_term_string}\"},\"query-input\":{\"@type\":\"PropertyValueSpecification\",\"valueRequired\":true,\"valueName\":\"search_term_string\"}}],\"inLanguage\":\"es\"},{\"@type\":\"Organization\",\"@id\":\"https:\\\/\\\/falconscreativegroup.com\\\/es\\\/#organization\",\"name\":\"Falcon's Creative Group\",\"url\":\"https:\\\/\\\/falconscreativegroup.com\\\/es\\\/\",\"logo\":{\"@type\":\"ImageObject\",\"inLanguage\":\"es\",\"@id\":\"https:\\\/\\\/falconscreativegroup.com\\\/es\\\/#\\\/schema\\\/logo\\\/image\\\/\",\"url\":\"https:\\\/\\\/falconscreativegroup.com\\\/wp-content\\\/uploads\\\/2026\\\/01\\\/fcg_animLogo_option03_v003.gif\",\"contentUrl\":\"https:\\\/\\\/falconscreativegroup.com\\\/wp-content\\\/uploads\\\/2026\\\/01\\\/fcg_animLogo_option03_v003.gif\",\"width\":1080,\"height\":1080,\"caption\":\"Falcon's Creative Group\"},\"image\":{\"@id\":\"https:\\\/\\\/falconscreativegroup.com\\\/es\\\/#\\\/schema\\\/logo\\\/image\\\/\"},\"sameAs\":[\"https:\\\/\\\/www.facebook.com\\\/falconscreativegroup\\\/\",\"https:\\\/\\\/x.com\\\/falconscg\",\"https:\\\/\\\/www.instagram.com\\\/falconscg\\\/\",\"https:\\\/\\\/www.linkedin.com\\\/company\\\/falcon's-treehouse-llc\",\"https:\\\/\\\/www.youtube.com\\\/channel\\\/UCvXL3cwgzcjREbjtqRv-aFA\",\"https:\\\/\\\/en.wikipedia.org\\\/wiki\\\/Falcon's_Treehouse\"]}]}<\/script>\n<!-- \/ Yoast SEO plugin. -->","yoast_head_json":{"title":"Entrega - Falcon&#039;s Creative Group","description":"Falcon\u2019s Delivery gestiona permisos, proveedores e instalaci\u00f3n, dando vida a experiencias inmersivas de forma segura, eficiente y alineada con la marca.","robots":{"index":"index","follow":"follow","max-snippet":"max-snippet:-1","max-image-preview":"max-image-preview:large","max-video-preview":"max-video-preview:-1"},"canonical":"https:\/\/falconscreativegroup.com\/es\/servicios\/entrega\/","og_locale":"es_ES","og_type":"article","og_title":"Entrega - Falcon&#039;s Creative Group","og_description":"Falcon\u2019s Delivery gestiona permisos, proveedores e instalaci\u00f3n, dando vida a experiencias inmersivas de forma segura, eficiente y alineada con la marca.","og_url":"https:\/\/falconscreativegroup.com\/es\/servicios\/entrega\/","og_site_name":"Falcon&#039;s Creative Group","article_publisher":"https:\/\/www.facebook.com\/falconscreativegroup\/","article_modified_time":"2026-03-26T15:23:42+00:00","twitter_card":"summary_large_image","twitter_site":"@falconscg","twitter_misc":{"Tiempo de lectura":"1 minuto"},"schema":{"@context":"https:\/\/schema.org","@graph":[{"@type":"WebPage","@id":"https:\/\/falconscreativegroup.com\/es\/servicios\/entrega\/","url":"https:\/\/falconscreativegroup.com\/es\/servicios\/entrega\/","name":"Entrega - Falcon&#039;s Creative Group","isPartOf":{"@id":"https:\/\/falconscreativegroup.com\/es\/#website"},"datePublished":"2025-10-30T15:20:23+00:00","dateModified":"2026-03-26T15:23:42+00:00","description":"Falcon\u2019s Delivery gestiona permisos, proveedores e instalaci\u00f3n, dando vida a experiencias inmersivas de forma segura, eficiente y alineada con la marca.","breadcrumb":{"@id":"https:\/\/falconscreativegroup.com\/es\/servicios\/entrega\/#breadcrumb"},"inLanguage":"es","potentialAction":[{"@type":"ReadAction","target":["https:\/\/falconscreativegroup.com\/es\/servicios\/entrega\/"]}]},{"@type":"BreadcrumbList","@id":"https:\/\/falconscreativegroup.com\/es\/servicios\/entrega\/#breadcrumb","itemListElement":[{"@type":"ListItem","position":1,"name":"Home","item":"https:\/\/falconscreativegroup.com\/es\/inicio\/"},{"@type":"ListItem","position":2,"name":"Servicios","item":"https:\/\/falconscreativegroup.com\/es\/servicios\/"},{"@type":"ListItem","position":3,"name":"Entrega"}]},{"@type":"WebSite","@id":"https:\/\/falconscreativegroup.com\/es\/#website","url":"https:\/\/falconscreativegroup.com\/es\/","name":"Falcon's Creative Group","description":"","publisher":{"@id":"https:\/\/falconscreativegroup.com\/es\/#organization"},"potentialAction":[{"@type":"SearchAction","target":{"@type":"EntryPoint","urlTemplate":"https:\/\/falconscreativegroup.com\/es\/?s={search_term_string}"},"query-input":{"@type":"PropertyValueSpecification","valueRequired":true,"valueName":"search_term_string"}}],"inLanguage":"es"},{"@type":"Organization","@id":"https:\/\/falconscreativegroup.com\/es\/#organization","name":"Falcon's Creative Group","url":"https:\/\/falconscreativegroup.com\/es\/","logo":{"@type":"ImageObject","inLanguage":"es","@id":"https:\/\/falconscreativegroup.com\/es\/#\/schema\/logo\/image\/","url":"https:\/\/falconscreativegroup.com\/wp-content\/uploads\/2026\/01\/fcg_animLogo_option03_v003.gif","contentUrl":"https:\/\/falconscreativegroup.com\/wp-content\/uploads\/2026\/01\/fcg_animLogo_option03_v003.gif","width":1080,"height":1080,"caption":"Falcon's Creative Group"},"image":{"@id":"https:\/\/falconscreativegroup.com\/es\/#\/schema\/logo\/image\/"},"sameAs":["https:\/\/www.facebook.com\/falconscreativegroup\/","https:\/\/x.com\/falconscg","https:\/\/www.instagram.com\/falconscg\/","https:\/\/www.linkedin.com\/company\/falcon's-treehouse-llc","https:\/\/www.youtube.com\/channel\/UCvXL3cwgzcjREbjtqRv-aFA","https:\/\/en.wikipedia.org\/wiki\/Falcon's_Treehouse"]}]}},"_links":{"self":[{"href":"https:\/\/falconscreativegroup.com\/es\/wp-json\/wp\/v2\/pages\/50513","targetHints":{"allow":["GET"]}}],"collection":[{"href":"https:\/\/falconscreativegroup.com\/es\/wp-json\/wp\/v2\/pages"}],"about":[{"href":"https:\/\/falconscreativegroup.com\/es\/wp-json\/wp\/v2\/types\/page"}],"author":[{"embeddable":true,"href":"https:\/\/falconscreativegroup.com\/es\/wp-json\/wp\/v2\/users\/2"}],"replies":[{"embeddable":true,"href":"https:\/\/falconscreativegroup.com\/es\/wp-json\/wp\/v2\/comments?post=50513"}],"version-history":[{"count":1,"href":"https:\/\/falconscreativegroup.com\/es\/wp-json\/wp\/v2\/pages\/50513\/revisions"}],"predecessor-version":[{"id":50514,"href":"https:\/\/falconscreativegroup.com\/es\/wp-json\/wp\/v2\/pages\/50513\/revisions\/50514"}],"up":[{"embeddable":true,"href":"https:\/\/falconscreativegroup.com\/es\/wp-json\/wp\/v2\/pages\/50623"}],"wp:attachment":[{"href":"https:\/\/falconscreativegroup.com\/es\/wp-json\/wp\/v2\/media?parent=50513"}],"curies":[{"name":"wp","href":"https:\/\/api.w.org\/{rel}","templated":true}]}}